{"id":14226,"date":"2024-07-13T14:08:02","date_gmt":"2024-07-13T12:08:02","guid":{"rendered":"https:\/\/paseosenbarcocabodegata.es\/?page_id=14226"},"modified":"2025-06-14T13:56:28","modified_gmt":"2025-06-14T11:56:28","slug":"los-muertos-cala-enmedio","status":"publish","type":"page","link":"https:\/\/paseosenbarcocabodegata.es\/en\/los-muertos-cala-enmedio\/","title":{"rendered":"Ruta En Barco a Playa de Los Muertos y Cala Enmedio"},"content":{"rendered":"<div data-elementor-type=\"wp-page\" data-elementor-id=\"14226\" class=\"elementor elementor-14226\" data-elementor-post-type=\"page\">\n\t\t\t\t\t\t<section class=\"elementor-section elementor-top-section elementor-element elementor-element-3704175e elementor-section-height-full elementor-section-boxed elementor-section-height-default elementor-section-items-middle\" data-id=\"3704175e\" data-element_type=\"section\" data-e-type=\"section\" data-settings=\"{&quot;background_background&quot;:&quot;classic&quot;}\">\n\t\t\t\t\t\t<div class=\"elementor-container elementor-column-gap-default\">\n\t\t\t\t\t<div class=\"elementor-column elementor-col-100 elementor-top-column elementor-element elementor-element-5b701c29\" data-id=\"5b701c29\" data-element_type=\"column\" data-e-type=\"column\">\n\t\t\t<div class=\"elementor-widget-wrap elementor-element-populated\">\n\t\t\t\t\t\t<div class=\"elementor-element elementor-element-506f6c96 elementor-widget elementor-widget-heading\" data-id=\"506f6c96\" data-element_type=\"widget\" data-e-type=\"widget\" data-widget_type=\"heading.default\">\n\t\t\t\t<div class=\"elementor-widget-container\">\n\t\t\t\t\t<h1 class=\"elementor-heading-title elementor-size-default\">Paseo en barco <br>Playa de los muertos<br>y Cala Enmedio<\/h1>\t\t\t\t<\/div>\n\t\t\t\t<\/div>\n\t\t\t\t<div class=\"elementor-element elementor-element-e4ecd53 elementor-widget elementor-widget-text-editor\" data-id=\"e4ecd53\" data-element_type=\"widget\" data-e-type=\"widget\" data-widget_type=\"text-editor.default\">\n\t\t\t\t<div class=\"elementor-widget-container\">\n\t\t\t\t\t\t\t\t\t<p>Ruta de 2 horas en yate desde Carboneras hasta Cala Enmedio y Playa de los Muertos<\/p>\t\t\t\t\t\t\t\t<\/div>\n\t\t\t\t<\/div>\n\t\t\t\t<div class=\"elementor-element elementor-element-7f1fb56 elementor-mobile-align-center elementor-align-center elementor-widget elementor-widget-button\" data-id=\"7f1fb56\" data-element_type=\"widget\" data-e-type=\"widget\" data-widget_type=\"button.default\">\n\t\t\t\t<div class=\"elementor-widget-container\">\n\t\t\t\t\t\t\t\t\t<div class=\"elementor-button-wrapper\">\n\t\t\t\t\t<a class=\"elementor-button elementor-button-link elementor-size-sm\" href=\"#reservas\">\n\t\t\t\t\t\t<span class=\"elementor-button-content-wrapper\">\n\t\t\t\t\t\t\t\t\t<span class=\"elementor-button-text\">\u00a1Reservar Ahora!<\/span>\n\t\t\t\t\t<\/span>\n\t\t\t\t\t<\/a>\n\t\t\t\t<\/div>\n\t\t\t\t\t\t\t\t<\/div>\n\t\t\t\t<\/div>\n\t\t\t\t\t<\/div>\n\t\t<\/div>\n\t\t\t\t\t<\/div>\n\t\t<\/section>\n\t\t\t\t<section class=\"elementor-section elementor-top-section elementor-element elementor-element-27a9795f elementor-section-boxed elementor-section-height-default elementor-section-height-default\" data-id=\"27a9795f\" data-element_type=\"section\" data-e-type=\"section\" data-settings=\"{&quot;background_background&quot;:&quot;classic&quot;}\">\n\t\t\t\t\t\t<div class=\"elementor-container elementor-column-gap-default\">\n\t\t\t\t\t<div class=\"elementor-column elementor-col-100 elementor-top-column elementor-element elementor-element-3d882bf8\" data-id=\"3d882bf8\" data-element_type=\"column\" data-e-type=\"column\" data-settings=\"{&quot;background_background&quot;:&quot;classic&quot;}\">\n\t\t\t<div class=\"elementor-widget-wrap elementor-element-populated\">\n\t\t\t\t\t\t<div class=\"elementor-element elementor-element-3aeb7034 elementor-widget elementor-widget-heading\" data-id=\"3aeb7034\" data-element_type=\"widget\" data-e-type=\"widget\" data-widget_type=\"heading.default\">\n\t\t\t\t<div class=\"elementor-widget-container\">\n\t\t\t\t\t<h2 class=\"elementor-heading-title elementor-size-default\">Nuestros barcos a playa de los muertos<\/h2>\t\t\t\t<\/div>\n\t\t\t\t<\/div>\n\t\t\t\t<section class=\"elementor-section elementor-inner-section elementor-element elementor-element-7cab05be elementor-section-boxed elementor-section-height-default elementor-section-height-default\" data-id=\"7cab05be\" data-element_type=\"section\" data-e-type=\"section\">\n\t\t\t\t\t\t<div class=\"elementor-container elementor-column-gap-default\">\n\t\t\t\t\t<div class=\"elementor-column elementor-col-33 elementor-inner-column elementor-element elementor-element-75ff7db9 elementor-sm-50\" data-id=\"75ff7db9\" data-element_type=\"column\" data-e-type=\"column\">\n\t\t\t<div class=\"elementor-widget-wrap elementor-element-populated\">\n\t\t\t\t\t\t<div class=\"elementor-element elementor-element-30d2b56e elementor-widget elementor-widget-image\" data-id=\"30d2b56e\" data-element_type=\"widget\" data-e-type=\"widget\" data-widget_type=\"image.default\">\n\t\t\t\t<div class=\"elementor-widget-container\">\n\t\t\t\t\t\t\t\t\t\t\t\t\t\t\t<img fetchpriority=\"high\" decoding=\"async\" width=\"1200\" height=\"765\" src=\"https:\/\/paseosenbarcocabodegata.es\/wp-content\/uploads\/2024\/07\/ruta-barco-cala-enmedio.webp\" class=\"attachment-full size-full wp-image-14236\" alt=\"\" srcset=\"https:\/\/paseosenbarcocabodegata.es\/wp-content\/uploads\/2024\/07\/ruta-barco-cala-enmedio.webp 1200w, https:\/\/paseosenbarcocabodegata.es\/wp-content\/uploads\/2024\/07\/ruta-barco-cala-enmedio-300x191.webp 300w, https:\/\/paseosenbarcocabodegata.es\/wp-content\/uploads\/2024\/07\/ruta-barco-cala-enmedio-1024x653.webp 1024w, https:\/\/paseosenbarcocabodegata.es\/wp-content\/uploads\/2024\/07\/ruta-barco-cala-enmedio-768x490.webp 768w, https:\/\/paseosenbarcocabodegata.es\/wp-content\/uploads\/2024\/07\/ruta-barco-cala-enmedio-18x12.webp 18w, https:\/\/paseosenbarcocabodegata.es\/wp-content\/uploads\/2024\/07\/ruta-barco-cala-enmedio-400x255.webp 400w\" sizes=\"(max-width: 1200px) 100vw, 1200px\" \/>\t\t\t\t\t\t\t\t\t\t\t\t\t\t\t<\/div>\n\t\t\t\t<\/div>\n\t\t\t\t<div class=\"elementor-element elementor-element-f90389f elementor-widget elementor-widget-image\" data-id=\"f90389f\" data-element_type=\"widget\" data-e-type=\"widget\" data-widget_type=\"image.default\">\n\t\t\t\t<div class=\"elementor-widget-container\">\n\t\t\t\t\t\t\t\t\t\t\t\t\t\t\t<img decoding=\"async\" src=\"https:\/\/paseosenbarcocabodegata.es\/wp-content\/uploads\/elementor\/thumbs\/Barco-Playa-de-los-muertos-2-qqpvxdczgblofn33n4xmxfx6dgy5l16df0mtfas0ro.png\" title=\"Barco Playa de los muertos 2\" alt=\"velero en playa de los muertos\" loading=\"lazy\" \/>\t\t\t\t\t\t\t\t\t\t\t\t\t\t\t<\/div>\n\t\t\t\t<\/div>\n\t\t\t\t\t<\/div>\n\t\t<\/div>\n\t\t\t\t<div class=\"elementor-column elementor-col-33 elementor-inner-column elementor-element elementor-element-1009976b elementor-sm-50\" data-id=\"1009976b\" data-element_type=\"column\" data-e-type=\"column\">\n\t\t\t<div class=\"elementor-widget-wrap elementor-element-populated\">\n\t\t\t\t\t\t<div class=\"elementor-element elementor-element-6350aa84 elementor-widget elementor-widget-image\" data-id=\"6350aa84\" data-element_type=\"widget\" data-e-type=\"widget\" data-widget_type=\"image.default\">\n\t\t\t\t<div class=\"elementor-widget-container\">\n\t\t\t\t\t\t\t\t\t\t\t\t\t\t\t<img decoding=\"async\" width=\"1200\" height=\"765\" src=\"https:\/\/paseosenbarcocabodegata.es\/wp-content\/uploads\/2024\/07\/Ruta-en-barco-plaa-de-los-muertos.webp\" class=\"attachment-full size-full wp-image-14233\" alt=\"excursion a la playa de los muertos\" srcset=\"https:\/\/paseosenbarcocabodegata.es\/wp-content\/uploads\/2024\/07\/Ruta-en-barco-plaa-de-los-muertos.webp 1200w, https:\/\/paseosenbarcocabodegata.es\/wp-content\/uploads\/2024\/07\/Ruta-en-barco-plaa-de-los-muertos-300x191.webp 300w, https:\/\/paseosenbarcocabodegata.es\/wp-content\/uploads\/2024\/07\/Ruta-en-barco-plaa-de-los-muertos-1024x653.webp 1024w, https:\/\/paseosenbarcocabodegata.es\/wp-content\/uploads\/2024\/07\/Ruta-en-barco-plaa-de-los-muertos-768x490.webp 768w, https:\/\/paseosenbarcocabodegata.es\/wp-content\/uploads\/2024\/07\/Ruta-en-barco-plaa-de-los-muertos-18x12.webp 18w, https:\/\/paseosenbarcocabodegata.es\/wp-content\/uploads\/2024\/07\/Ruta-en-barco-plaa-de-los-muertos-400x255.webp 400w\" sizes=\"(max-width: 1200px) 100vw, 1200px\" \/>\t\t\t\t\t\t\t\t\t\t\t\t\t\t\t<\/div>\n\t\t\t\t<\/div>\n\t\t\t\t<div class=\"elementor-element elementor-element-24f9cc3c elementor-widget elementor-widget-image\" data-id=\"24f9cc3c\" data-element_type=\"widget\" data-e-type=\"widget\" data-widget_type=\"image.default\">\n\t\t\t\t<div class=\"elementor-widget-container\">\n\t\t\t\t\t\t\t\t\t\t\t\t\t\t\t<img decoding=\"async\" src=\"https:\/\/paseosenbarcocabodegata.es\/wp-content\/uploads\/elementor\/thumbs\/Cala-Enmedio-qqpuhdwbh6fsc0li75zfj26fnb6cvnsslpr2xduuw4.jpg\" title=\"Cala Enmedio\" alt=\"Cala Enmedio\" loading=\"lazy\" \/>\t\t\t\t\t\t\t\t\t\t\t\t\t\t\t<\/div>\n\t\t\t\t<\/div>\n\t\t\t\t\t<\/div>\n\t\t<\/div>\n\t\t\t\t<div class=\"elementor-column elementor-col-33 elementor-inner-column elementor-element elementor-element-3ca0e9a9\" data-id=\"3ca0e9a9\" data-element_type=\"column\" data-e-type=\"column\" data-settings=\"{&quot;background_background&quot;:&quot;classic&quot;}\">\n\t\t\t<div class=\"elementor-widget-wrap elementor-element-populated\">\n\t\t\t\t\t<div class=\"elementor-background-overlay\"><\/div>\n\t\t\t\t\t\t<div class=\"elementor-element elementor-element-6db7d49d elementor-widget elementor-widget-image\" data-id=\"6db7d49d\" data-element_type=\"widget\" data-e-type=\"widget\" data-widget_type=\"image.default\">\n\t\t\t\t<div class=\"elementor-widget-container\">\n\t\t\t\t\t\t\t\t\t\t\t\t\t\t\t<img decoding=\"async\" width=\"800\" height=\"731\" src=\"https:\/\/paseosenbarcocabodegata.es\/wp-content\/uploads\/2024\/07\/Barco-playa-de-los-muertos.jpeg\" class=\"attachment-full size-full wp-image-14232\" alt=\"\" srcset=\"https:\/\/paseosenbarcocabodegata.es\/wp-content\/uploads\/2024\/07\/Barco-playa-de-los-muertos.jpeg 800w, https:\/\/paseosenbarcocabodegata.es\/wp-content\/uploads\/2024\/07\/Barco-playa-de-los-muertos-300x274.jpeg 300w, https:\/\/paseosenbarcocabodegata.es\/wp-content\/uploads\/2024\/07\/Barco-playa-de-los-muertos-768x702.jpeg 768w, https:\/\/paseosenbarcocabodegata.es\/wp-content\/uploads\/2024\/07\/Barco-playa-de-los-muertos-13x12.jpeg 13w, https:\/\/paseosenbarcocabodegata.es\/wp-content\/uploads\/2024\/07\/Barco-playa-de-los-muertos-400x366.jpeg 400w\" sizes=\"(max-width: 800px) 100vw, 800px\" \/>\t\t\t\t\t\t\t\t\t\t\t\t\t\t\t<\/div>\n\t\t\t\t<\/div>\n\t\t\t\t<div class=\"elementor-element elementor-element-1ebf42ce elementor-widget elementor-widget-image\" data-id=\"1ebf42ce\" data-element_type=\"widget\" data-e-type=\"widget\" data-widget_type=\"image.default\">\n\t\t\t\t<div class=\"elementor-widget-container\">\n\t\t\t\t\t\t\t\t\t\t\t\t\t\t\t<img decoding=\"async\" src=\"https:\/\/paseosenbarcocabodegata.es\/wp-content\/uploads\/elementor\/thumbs\/paseo-en-barco-a-cala-enmedio-qr1qgyxx0r45ep63myks6iy0idy6wyeb66w40yrvxs.jpeg\" title=\"paseo en barco a cala enmedio\" alt=\"ruta en barco a cala enmedio desde carboneras\" loading=\"lazy\" \/>\t\t\t\t\t\t\t\t\t\t\t\t\t\t\t<\/div>\n\t\t\t\t<\/div>\n\t\t\t\t\t<\/div>\n\t\t<\/div>\n\t\t\t\t\t<\/div>\n\t\t<\/section>\n\t\t\t\t\t<\/div>\n\t\t<\/div>\n\t\t\t\t\t<\/div>\n\t\t<\/section>\n\t\t\t\t<section class=\"elementor-section elementor-top-section elementor-element elementor-element-704f9129 elementor-section-full_width elementor-section-content-bottom elementor-section-height-default elementor-section-height-default\" data-id=\"704f9129\" data-element_type=\"section\" data-e-type=\"section\" data-settings=\"{&quot;background_background&quot;:&quot;classic&quot;}\">\n\t\t\t\t\t\t<div class=\"elementor-container elementor-column-gap-no\">\n\t\t\t\t\t<div class=\"elementor-column elementor-col-50 elementor-top-column elementor-element elementor-element-d5b2532\" data-id=\"d5b2532\" data-element_type=\"column\" data-e-type=\"column\">\n\t\t\t<div class=\"elementor-widget-wrap elementor-element-populated\">\n\t\t\t\t\t\t<div class=\"elementor-element elementor-element-87de1ff elementor-widget elementor-widget-heading\" data-id=\"87de1ff\" data-element_type=\"widget\" data-e-type=\"widget\" data-widget_type=\"heading.default\">\n\t\t\t\t<div class=\"elementor-widget-container\">\n\t\t\t\t\t<h2 class=\"elementor-heading-title elementor-size-default\">La Ruta en barco a Cala Enmedio<\/h2>\t\t\t\t<\/div>\n\t\t\t\t<\/div>\n\t\t\t\t<div class=\"elementor-element elementor-element-7e0dceaa elementor-widget elementor-widget-heading\" data-id=\"7e0dceaa\" data-element_type=\"widget\" data-e-type=\"widget\" data-widget_type=\"heading.default\">\n\t\t\t\t<div class=\"elementor-widget-container\">\n\t\t\t\t\t<h2 class=\"elementor-heading-title elementor-size-default\">\u00a1Emb\u00e1rcate en una aventura en barco inolvidable por las joyas ocultas del Cabo de Gata!<\/h2>\t\t\t\t<\/div>\n\t\t\t\t<\/div>\n\t\t\t\t<div class=\"elementor-element elementor-element-2e54d7d5 elementor-hidden-tablet elementor-widget elementor-widget-text-editor\" data-id=\"2e54d7d5\" data-element_type=\"widget\" data-e-type=\"widget\" data-widget_type=\"text-editor.default\">\n\t\t\t\t<div class=\"elementor-widget-container\">\n\t\t\t\t\t\t\t\t\t<p>Disfruta de un emocionante paseo en barco de 2 horas, partiendo desde Carboneras. Navega por las aguas cristalinas del Mediterr\u00e1neo y descubre las calas y playas m\u00e1s emblem\u00e1ticas de esta costa espectacular.<\/p><p>Nuestra excursi\u00f3n incluye:<\/p><p>&#8211; Playa de los Muertos: famosa por su belleza salvaje.<br \/>&#8211; Faro de Mesa Rold\u00e1n: un icono hist\u00f3rico que vigila el horizonte.<br \/>&#8211; Cala Arena y Cala Chica: rincones \u00edntimos perfectos para relajarte.<br \/>&#8211; Playa de Agua Amarga: un para\u00edso de arena dorada.<br \/>&#8211; Cala Enmedio: la joya de la corona, con sus impresionantes paredes calizas blancas.<\/p><p>Durante el paseo en barco, haremos una parada de 20 minutos para que puedas darte un refrescante ba\u00f1o en estas aguas paradis\u00edacas. Luego, regresaremos al puerto de Carboneras, dejando atr\u00e1s una estela de recuerdos inolvidables.<\/p><p>Esta es la mejor opci\u00f3n para descubrir los rincones secretos del Cabo de Gata, lejos de las multitudes y en un entorno exclusivo.<\/p><p>Capacidad m\u00e1xima: 10 personas por barco<\/p><p>Tenemos 3 barcos disponibles que vamos sacando conforme se llenan las plazas. El barco no es elegible por el cliente pero suele ser el Shiren 900 o el Rodman Spirit 31<\/p>\t\t\t\t\t\t\t\t<\/div>\n\t\t\t\t<\/div>\n\t\t\t\t<div class=\"elementor-element elementor-element-5f204bf1 elementor-widget elementor-widget-text-editor\" data-id=\"5f204bf1\" data-element_type=\"widget\" data-e-type=\"widget\" data-widget_type=\"text-editor.default\">\n\t\t\t\t<div class=\"elementor-widget-container\">\n\t\t\t\t\t\t\t\t\t<p>49Tarifas:<\/p><p>Adultos: 65 \u20ac<br \/>Ni\u00f1os: 45 \u20ac<br \/>Precios especiales para salidas privadas desde 495 \u20ac<\/p><p>\u00a1Reserva tu lugar y vive una experiencia mar\u00edtima que recordar\u00e1s para siempre!<\/p>\t\t\t\t\t\t\t\t<\/div>\n\t\t\t\t<\/div>\n\t\t\t\t<div class=\"elementor-element elementor-element-b9d8d1b elementor-mobile-align-justify elementor-align-center elementor-widget elementor-widget-button\" data-id=\"b9d8d1b\" data-element_type=\"widget\" data-e-type=\"widget\" data-widget_type=\"button.default\">\n\t\t\t\t<div class=\"elementor-widget-container\">\n\t\t\t\t\t\t\t\t\t<div class=\"elementor-button-wrapper\">\n\t\t\t\t\t<a class=\"elementor-button elementor-button-link elementor-size-sm\" href=\"#reservas\">\n\t\t\t\t\t\t<span class=\"elementor-button-content-wrapper\">\n\t\t\t\t\t\t\t\t\t<span class=\"elementor-button-text\">Ver Reservas<\/span>\n\t\t\t\t\t<\/span>\n\t\t\t\t\t<\/a>\n\t\t\t\t<\/div>\n\t\t\t\t\t\t\t\t<\/div>\n\t\t\t\t<\/div>\n\t\t\t\t\t<\/div>\n\t\t<\/div>\n\t\t\t\t<div class=\"elementor-column elementor-col-50 elementor-top-column elementor-element elementor-element-68ef17ec\" data-id=\"68ef17ec\" data-element_type=\"column\" data-e-type=\"column\">\n\t\t\t<div class=\"elementor-widget-wrap elementor-element-populated\">\n\t\t\t\t\t\t<div class=\"elementor-element elementor-element-64ea9b03 elementor-widget elementor-widget-image\" data-id=\"64ea9b03\" data-element_type=\"widget\" data-e-type=\"widget\" data-widget_type=\"image.default\">\n\t\t\t\t<div class=\"elementor-widget-container\">\n\t\t\t\t\t\t\t\t\t\t\t\t\t\t\t<img loading=\"lazy\" decoding=\"async\" width=\"1280\" height=\"1600\" src=\"https:\/\/paseosenbarcocabodegata.es\/wp-content\/uploads\/2024\/07\/Cala-Enmedio.jpg\" class=\"attachment-full size-full wp-image-13831\" alt=\"\" srcset=\"https:\/\/paseosenbarcocabodegata.es\/wp-content\/uploads\/2024\/07\/Cala-Enmedio.jpg 1280w, https:\/\/paseosenbarcocabodegata.es\/wp-content\/uploads\/2024\/07\/Cala-Enmedio-240x300.jpg 240w, https:\/\/paseosenbarcocabodegata.es\/wp-content\/uploads\/2024\/07\/Cala-Enmedio-819x1024.jpg 819w, https:\/\/paseosenbarcocabodegata.es\/wp-content\/uploads\/2024\/07\/Cala-Enmedio-768x960.jpg 768w, https:\/\/paseosenbarcocabodegata.es\/wp-content\/uploads\/2024\/07\/Cala-Enmedio-1229x1536.jpg 1229w, https:\/\/paseosenbarcocabodegata.es\/wp-content\/uploads\/2024\/07\/Cala-Enmedio-10x12.jpg 10w, https:\/\/paseosenbarcocabodegata.es\/wp-content\/uploads\/2024\/07\/Cala-Enmedio-400x500.jpg 400w\" sizes=\"(max-width: 1280px) 100vw, 1280px\" \/>\t\t\t\t\t\t\t\t\t\t\t\t\t\t\t<\/div>\n\t\t\t\t<\/div>\n\t\t\t\t\t<\/div>\n\t\t<\/div>\n\t\t\t\t\t<\/div>\n\t\t<\/section>\n\t\t\t\t<section class=\"elementor-section elementor-top-section elementor-element elementor-element-59b79ca2 elementor-section-boxed elementor-section-height-default elementor-section-height-default\" data-id=\"59b79ca2\" data-element_type=\"section\" data-e-type=\"section\" data-settings=\"{&quot;background_background&quot;:&quot;classic&quot;}\">\n\t\t\t\t\t\t<div class=\"elementor-container elementor-column-gap-default\">\n\t\t\t\t\t<div class=\"elementor-column elementor-col-100 elementor-top-column elementor-element elementor-element-9cf96b9\" data-id=\"9cf96b9\" data-element_type=\"column\" data-e-type=\"column\" data-settings=\"{&quot;background_background&quot;:&quot;classic&quot;}\">\n\t\t\t<div class=\"elementor-widget-wrap elementor-element-populated\">\n\t\t\t\t\t\t<div class=\"elementor-element elementor-element-b2069e3 elementor-widget elementor-widget-html\" data-id=\"b2069e3\" data-element_type=\"widget\" data-e-type=\"widget\" id=\"reservas\" data-widget_type=\"html.default\">\n\t\t\t\t<div class=\"elementor-widget-container\">\n\t\t\t\t\t<div class=\"load-turitop\" data-service=\"P3\" data-lang=\"es\" data-embed=\"box\" data-affiliate=\"36399\"><\/div>\t\t\t\t<\/div>\n\t\t\t\t<\/div>\n\t\t\t\t<div class=\"elementor-element elementor-element-6dd939a elementor-widget elementor-widget-text-editor\" data-id=\"6dd939a\" data-element_type=\"widget\" data-e-type=\"widget\" data-widget_type=\"text-editor.default\">\n\t\t\t\t<div class=\"elementor-widget-container\">\n\t\t\t\t\t\t\t\t\t<p>*Importante*: El importe pagado de esta ruta no ser\u00e1 reembolsable con cancelaciones posteriores a los 30 dias previos a la reserva por ning\u00fan motivo. \u00danicamente se har\u00e1n reembolsos del 100% cuando las condiciones del mar no permitan las actividad.&nbsp;<\/p>\t\t\t\t\t\t\t\t<\/div>\n\t\t\t\t<\/div>\n\t\t\t\t\t<\/div>\n\t\t<\/div>\n\t\t\t\t\t<\/div>\n\t\t<\/section>\n\t\t\t\t<\/div>","protected":false},"excerpt":{"rendered":"<p>Paseo en barco Playa de los muertosy Cala Enmedio Ruta de 2 horas en yate desde Carboneras hasta Cala Enmedio y Playa de los Muertos \u00a1Reservar Ahora! Nuestros barcos a playa de los muertos La Ruta en barco a Cala Enmedio \u00a1Emb\u00e1rcate en una aventura en barco inolvidable por las joyas ocultas del Cabo de &#8230; <a title=\"Ruta En Barco a Playa de Los Muertos y Cala Enmedio\" class=\"read-more\" href=\"https:\/\/paseosenbarcocabodegata.es\/en\/los-muertos-cala-enmedio\/\" aria-label=\"Read more about Ruta En Barco a Playa de Los Muertos y Cala Enmedio\">Read more<\/a><\/p>","protected":false},"author":1,"featured_media":14233,"parent":0,"menu_order":0,"comment_status":"closed","ping_status":"closed","template":"elementor_header_footer","meta":{"footnotes":""},"class_list":["post-14226","page","type-page","status-publish","has-post-thumbnail"],"_links":{"self":[{"href":"https:\/\/paseosenbarcocabodegata.es\/en\/wp-json\/wp\/v2\/pages\/14226","targetHints":{"allow":["GET"]}}],"collection":[{"href":"https:\/\/paseosenbarcocabodegata.es\/en\/wp-json\/wp\/v2\/pages"}],"about":[{"href":"https:\/\/paseosenbarcocabodegata.es\/en\/wp-json\/wp\/v2\/types\/page"}],"author":[{"embeddable":true,"href":"https:\/\/paseosenbarcocabodegata.es\/en\/wp-json\/wp\/v2\/users\/1"}],"replies":[{"embeddable":true,"href":"https:\/\/paseosenbarcocabodegata.es\/en\/wp-json\/wp\/v2\/comments?post=14226"}],"version-history":[{"count":106,"href":"https:\/\/paseosenbarcocabodegata.es\/en\/wp-json\/wp\/v2\/pages\/14226\/revisions"}],"predecessor-version":[{"id":19575,"href":"https:\/\/paseosenbarcocabodegata.es\/en\/wp-json\/wp\/v2\/pages\/14226\/revisions\/19575"}],"wp:featuredmedia":[{"embeddable":true,"href":"https:\/\/paseosenbarcocabodegata.es\/en\/wp-json\/wp\/v2\/media\/14233"}],"wp:attachment":[{"href":"https:\/\/paseosenbarcocabodegata.es\/en\/wp-json\/wp\/v2\/media?parent=14226"}],"curies":[{"name":"wp","href":"https:\/\/api.w.org\/{rel}","templated":true}]}}