{"id":727,"date":"2020-05-07T16:08:37","date_gmt":"2020-05-07T16:08:37","guid":{"rendered":"https:\/\/paseosenbarcocabodegata.es\/?page_id=727"},"modified":"2020-05-13T16:57:03","modified_gmt":"2020-05-13T16:57:03","slug":"paseo-en-barco-cala-de-san-pedro","status":"publish","type":"page","link":"https:\/\/paseosenbarcocabodegata.es\/en\/paseo-en-barco-cala-de-san-pedro\/","title":{"rendered":"Paseo en barco Cala de San Pedro"},"content":{"rendered":"\n<p>Nuestra ruta en barco a la cala de san pedro es uno de nuestras excursiones m\u00e1s populares. Ir a la cala de san pedro es uno de los mejores planes que hacer en cabo de de gata. Dejanos que te contemos un poco m\u00e1s acerca de est\u00e1 cala paradisiaca tan famosa.<\/p>\n\n\n\n<div class=\"wp-block-image\"><figure class=\"aligncenter size-large\"><img fetchpriority=\"high\" decoding=\"async\" width=\"800\" height=\"230\" src=\"https:\/\/paseosenbarcocabodegata.es\/wp-content\/uploads\/2020\/05\/cala-san-pedro-cabo-de-gata.png\" alt=\"Playa de san pedro en las negras\" class=\"wp-image-753\" srcset=\"https:\/\/paseosenbarcocabodegata.es\/wp-content\/uploads\/2020\/05\/cala-san-pedro-cabo-de-gata.png 800w, https:\/\/paseosenbarcocabodegata.es\/wp-content\/uploads\/2020\/05\/cala-san-pedro-cabo-de-gata-400x115.png 400w, https:\/\/paseosenbarcocabodegata.es\/wp-content\/uploads\/2020\/05\/cala-san-pedro-cabo-de-gata-300x86.png 300w, https:\/\/paseosenbarcocabodegata.es\/wp-content\/uploads\/2020\/05\/cala-san-pedro-cabo-de-gata-768x221.png 768w\" sizes=\"(max-width: 800px) 100vw, 800px\" \/><\/figure><\/div>\n\n\n\n<div class=\"wp-block-buttons aligncenter is-layout-flex wp-block-buttons-is-layout-flex\">\n<div class=\"wp-block-button is-style-outline is-style-outline--1\"><a class=\"wp-block-button__link has-text-color has-background has-vivid-cyan-blue-background-color\" href=\"https:\/\/paseosenbarcocabodegata.es\/excursion\/cala-de-san-pedro-barco-taxi\/\" style=\"color:#ffffff\">Contrata Ya Tu Ruta<\/a><\/div>\n<\/div>\n\n\n\n<h2 class=\"wp-block-heading\">\u00bfComo es la cala de San pedro?<\/h2>\n\n\n\n<p>La cala San pedro es una cala con arena clara y fina con alguna zona rocosa, a la cual solo se puede acceder mediante una ruta de senderismo de 1 hora o en barco en 10 minutos. <\/p>\n\n\n\n<p>No te preocupes, si sigues leyendo, te explicamos como llegar a pie. Esta ruta andando a San Pedro es preciosa y muy recomendable por sus preciosas vistas.<\/p>\n\n\n\n<p>Es una de las pocas playas en Espa\u00f1a con un castillo medieval del sigo 12. No se puede acceder a el, ya que est\u00e1 protegido y existe el riesgo de derrumbe. <\/p>\n\n\n\n<p>Una de las mejores fotografias que vas a tomar en cabo de gata es desde la colina del castillo de San Pedro.Tienes tambi\u00e9n una mesa para preparar un preparar un picnic m\u00e1gico desde las alturas. <\/p>\n\n\n\n<p>Y ya que te encuetras en la monta\u00f1a de San pedro, no olvides visitar el manantial de agua dulce. Si, has le\u00eddo bien, San pedro es la \u00fanica playa de Almer\u00eda (y puede que de Espa\u00f1a) con una fuente de agua dulce natural.<\/p>\n\n\n\n<div class=\"wp-block-image\"><figure class=\"alignleft size-large is-resized\"><img decoding=\"async\" src=\"https:\/\/paseosenbarcocabodegata.es\/wp-content\/uploads\/2020\/05\/lancha-taxi-cala-de-san-pedro.jpg\" alt=\"excursion en lancha cabo de gata\" class=\"wp-image-760\" width=\"804\" height=\"536\" srcset=\"https:\/\/paseosenbarcocabodegata.es\/wp-content\/uploads\/2020\/05\/lancha-taxi-cala-de-san-pedro.jpg 643w, https:\/\/paseosenbarcocabodegata.es\/wp-content\/uploads\/2020\/05\/lancha-taxi-cala-de-san-pedro-400x267.jpg 400w, https:\/\/paseosenbarcocabodegata.es\/wp-content\/uploads\/2020\/05\/lancha-taxi-cala-de-san-pedro-300x200.jpg 300w\" sizes=\"(max-width: 804px) 100vw, 804px\" \/><\/figure><\/div>\n\n\n\n<h3 class=\"wp-block-heading\">Los Hippies de San Pedro<\/h3>\n\n\n\n<p>Este manantial de agua permiti\u00f3 formar el pueblo de las negras como primer asentamiento, antes de ubicarse donde hoy lo conocemos. <\/p>\n\n\n\n<p>Gracias a este yacimiento de agua, se han dado las condiciones para crear una peque\u00f1a civilizaci\u00f3n. Actualmente vive una peque\u00f1a comunidad de hippies de unas 20 personas los 365 d\u00edas del a\u00f1o. <\/p>\n\n\n\n<p>Han construido sus casas cuevas en la ladera y no puedes dejar de tomarte una cerveza en las terrazas con vistas a la playa que han habilitado para los visitantes. Adem\u00e1s sirven todo tipo de bebidas por un modesto precio. <\/p>\n\n\n\n<p>Los hippies, al contrario de lo que piensan algunos, se encargan de mantener limpia la playa y de construir letrinas. As\u00cd que recordad que LA BASURA NO VUELVE SOLA y sed responsables de vuestros residuos.<\/p>\n\n\n\n<h3 class=\"wp-block-heading\">Snorkel y Buceo en San Pedro<\/h3>\n\n\n\n<p>San Pedro es famosa por tener uno de los fondos m\u00e1s cristalinos de Almer\u00eda. De hecho, es la zona del parque natural con m\u00e1s poseidonia  por m2, una especie de alga protegida y en peligro de extinci\u00f3n, vital para la vida marina. La ausencia de contaminaci\u00f3n en esta zona es lo que provoca la proliferaci\u00f3n de vida marina y unos tonos turquesa en el agua incre\u00edbles.<\/p>\n\n\n\n<p>No te lo perdonar\u00e1s olvidar las gafas de snorkel antes de ir a San Pedro, pero nosotros te recomendamos todo el pack de aletas, tubo, action cam&#8230;<\/p>\n\n\n\n<div class=\"wp-block-group\"><div class=\"wp-block-group__inner-container is-layout-flow wp-block-group-is-layout-flow\"><div data-block-name=\"woocommerce\/product-new\" data-categories=\"[245]\" data-columns=\"1\" data-content-visibility=\"{&quot;title&quot;:true,&quot;price&quot;:true,&quot;rating&quot;:true,&quot;button&quot;:false}\" class=\"wc-block-grid wp-block-product-new wp-block-woocommerce-product-new wc-block-product-new has-1-columns has-multiple-rows alignwide\"><ul class=\"wc-block-grid__products\"><li class=\"wc-block-grid__product\"><span class=\"gtm4wp_productdata\" style=\"display:none; visibility:hidden;\" data-gtm4wp_product_data=\"{&quot;internal_id&quot;:8900,&quot;item_id&quot;:8900,&quot;item_name&quot;:&quot;Excursi\\u00f3n de las Cuevas y los Volcanes en Las Negras&quot;,&quot;sku&quot;:8900,&quot;price&quot;:35,&quot;stocklevel&quot;:null,&quot;stockstatus&quot;:&quot;instock&quot;,&quot;google_business_vertical&quot;:&quot;retail&quot;,&quot;item_category&quot;:&quot;Ruta San Pedro&quot;,&quot;id&quot;:8900,&quot;productlink&quot;:&quot;https:\\\/\\\/paseosenbarcocabodegata.es\\\/en\\\/excursion\\\/barco-las-negras\\\/&quot;,&quot;item_list_name&quot;:&quot;General Product List&quot;,&quot;index&quot;:0,&quot;product_type&quot;:&quot;booking&quot;,&quot;item_brand&quot;:&quot;&quot;}\"><\/span>\n\t\t\t\t<a href=\"https:\/\/paseosenbarcocabodegata.es\/en\/excursion\/barco-las-negras\/\" class=\"wc-block-grid__product-link\">\n\t\t\t\t\t\n\t\t\t\t\t<div class=\"wc-block-grid__product-image\"><img decoding=\"async\" width=\"300\" height=\"300\" src=\"https:\/\/paseosenbarcocabodegata.es\/wp-content\/uploads\/2023\/03\/cuevas-300x300.jpg\" class=\"attachment-woocommerce_thumbnail size-woocommerce_thumbnail\" alt=\"Excursi\u00f3n de las Cuevas y los Volcanes en Las Negras\" srcset=\"https:\/\/paseosenbarcocabodegata.es\/wp-content\/uploads\/2023\/03\/cuevas-300x300.jpg 300w, https:\/\/paseosenbarcocabodegata.es\/wp-content\/uploads\/2023\/03\/cuevas-150x150.jpg 150w, https:\/\/paseosenbarcocabodegata.es\/wp-content\/uploads\/2023\/03\/cuevas-100x100.jpg 100w\" sizes=\"(max-width: 300px) 100vw, 300px\" \/><\/div>\n\t\t\t\t\t<div class=\"wc-block-grid__product-title\">Excursi\u00f3n de las Cuevas y los Volcanes en Las Negras<\/div>\n\t\t\t\t<\/a>\n\t\t\t\t<div class=\"wc-block-grid__product-price price\">From: <span class=\"woocommerce-Price-amount amount\"><span class=\"woocommerce-Price-currencySymbol\">&euro;<\/span>35.00<\/span><\/div>\n\t\t\t\t\n\t\t\t\t\n\t\t\t<\/li><li class=\"wc-block-grid__product\"><span class=\"gtm4wp_productdata\" style=\"display:none; visibility:hidden;\" data-gtm4wp_product_data=\"{&quot;internal_id&quot;:601,&quot;item_id&quot;:601,&quot;item_name&quot;:&quot;Cala de san pedro barco taxi&quot;,&quot;sku&quot;:601,&quot;price&quot;:15,&quot;stocklevel&quot;:null,&quot;stockstatus&quot;:&quot;instock&quot;,&quot;google_business_vertical&quot;:&quot;retail&quot;,&quot;item_category&quot;:&quot;Ruta San Pedro&quot;,&quot;id&quot;:601,&quot;productlink&quot;:&quot;https:\\\/\\\/paseosenbarcocabodegata.es\\\/en\\\/excursion\\\/cala-de-san-pedro-barco-taxi\\\/&quot;,&quot;item_list_name&quot;:&quot;General Product List&quot;,&quot;index&quot;:0,&quot;product_type&quot;:&quot;booking&quot;,&quot;item_brand&quot;:&quot;&quot;}\"><\/span>\n\t\t\t\t<a href=\"https:\/\/paseosenbarcocabodegata.es\/en\/excursion\/cala-de-san-pedro-barco-taxi\/\" class=\"wc-block-grid__product-link\">\n\t\t\t\t\t\n\t\t\t\t\t<div class=\"wc-block-grid__product-image\"><img loading=\"lazy\" decoding=\"async\" width=\"300\" height=\"300\" src=\"https:\/\/paseosenbarcocabodegata.es\/wp-content\/uploads\/2020\/05\/Reservar-ruta-cala-de-san-pedro-300x300.jpg\" class=\"attachment-woocommerce_thumbnail size-woocommerce_thumbnail\" alt=\"taxi barco cala de san pedro\" srcset=\"https:\/\/paseosenbarcocabodegata.es\/wp-content\/uploads\/2020\/05\/Reservar-ruta-cala-de-san-pedro-300x300.jpg 300w, https:\/\/paseosenbarcocabodegata.es\/wp-content\/uploads\/2020\/05\/Reservar-ruta-cala-de-san-pedro-100x100.jpg 100w, https:\/\/paseosenbarcocabodegata.es\/wp-content\/uploads\/2020\/05\/Reservar-ruta-cala-de-san-pedro-400x400.jpg 400w, https:\/\/paseosenbarcocabodegata.es\/wp-content\/uploads\/2020\/05\/Reservar-ruta-cala-de-san-pedro-150x150.jpg 150w, https:\/\/paseosenbarcocabodegata.es\/wp-content\/uploads\/2020\/05\/Reservar-ruta-cala-de-san-pedro.jpg 500w\" sizes=\"(max-width: 300px) 100vw, 300px\" \/><\/div>\n\t\t\t\t\t<div class=\"wc-block-grid__product-title\">Cala de san pedro barco taxi<\/div>\n\t\t\t\t<\/a>\n\t\t\t\t<div class=\"wc-block-grid__product-price price\">From: <span class=\"woocommerce-Price-amount amount\"><span class=\"woocommerce-Price-currencySymbol\">&euro;<\/span>15.00<\/span><\/div>\n\t\t\t\t\n\t\t\t\t\n\t\t\t<\/li><\/ul><\/div>\n\n\n<div class=\"wp-block-button aligncenter is-style-outline is-style-outline--2\"><a class=\"wp-block-button__link has-text-color has-background has-vivid-cyan-blue-background-color\" href=\"https:\/\/paseosenbarcocabodegata.es\/excursion\/cala-de-san-pedro-barco-taxi\/\" style=\"color:#ffffff\">Reserva Ahora<\/a><\/div>\n<\/div><\/div>\n\n\n\n<h2 class=\"wp-block-heading\">Como llegar a la cala de san pedro<\/h2>\n\n\n\n<p>Tienes dos formas de llegar a la playa de San Pedro.<\/p>\n\n\n\n<h3 class=\"wp-block-heading\">Camino a la cala de San Pedro<\/h3>\n\n\n\n<p>El camino a pie es una ruta de tierra de unos 3 km desde el aparcamiento de coches, al que se accede desde el pueblo de las negras por carretera. La ruta a cala de san pedro es de un nivel de senderimo medio. Esta ruta es preciosa y tiene unas vista impresionantes, sobre todo en su segunda parte.<\/p>\n\n\n\n<p>Si eres entusiasta del senderimso y eres de Almer\u00eda, este es un gran plan de fin de semana, sobre todo en primavera. Por otro lado desde los barqueros queremos prevenirte de algunos puntos del camino de San Pedro:<\/p>\n\n\n\n<ul class=\"wp-block-list\"><li>No vayas con ni\u00f1os menores de 16 a\u00f1os, hay tramos de peligrosidad media.<\/li><li>No realices la ruta con bultos.<\/li><li>Ten las manos siempre libres.<\/li><li>Evita realizarla en d\u00edas y horas de calor extremo. No hay sombra.<\/li><li>No hay seguridad en el aparcamiento y los coches quedan solos en medio de la monta\u00f1a.<\/li><\/ul>\n\n\n\n<h3 class=\"wp-block-heading\">Ruta en Barco<\/h3>\n\n\n\n<p>Los barqueros estaremos encantados de hacer la ruta a san pedro en zodiac por ti. Por solo 12\u20ac por persona te llevamos y disfrutar\u00e1s de 20 minutos de paseo en barca.  <\/p>\n\n\n\n<h4 class=\"wp-block-heading\">\u00bfPor qu\u00e9 hacer la ruta con Los Barqueros?<\/h4>\n\n\n\n<div class=\"wp-block-image is-style-rounded\"><figure class=\"alignright size-large\"><img decoding=\"async\" src=\"https:\/\/paseosenbarcocabodegata.es\/wp-content\/uploads\/2020\/05\/logo-los-barqueros-200x.png\" alt=\"\" class=\"wp-image-758\"\/><\/figure><\/div>\n\n\n\n<ul class=\"wp-block-list\"><li>Tienes horarios disponibles durante todo el dia desde las 10 de la ma\u00f1ana hasta las 7-9 de la noche (seg\u00fan temporada). <\/li><li>Con 5 barcos disponibles, garantizamos el servicio con menos esperas y mayor disponibilidad de horarios.<\/li><li>Chiringuito-oficina a pie de playa con sombra y zona de espera habilitada con mesas y sillas.<\/li><li>M\u00fasica y temazos mientras esperas.<\/li><li>Risas aseguradas<\/li><\/ul>\n\n\n\n<div class=\"wp-block-buttons aligncenter is-layout-flex wp-block-buttons-is-layout-flex\">\n<div class=\"wp-block-button is-style-outline is-style-outline--3\"><a class=\"wp-block-button__link has-text-color has-background has-vivid-cyan-blue-background-color\" href=\"https:\/\/paseosenbarcocabodegata.es\/excursion\/cala-de-san-pedro-barco-taxi\/\" style=\"color:#ffffff\">Contrata Ya Tu Ruta<\/a><\/div>\n<\/div>\n\n\n\n<h2 class=\"wp-block-heading\">la mejor cala de almer\u00eda<\/h2>\n\n\n\n<p>O al menos es lo que pensamos nosotros, \u00bfnecesitas m\u00e1s pruebas? Pues bien, nos ganamos la vida ofreciendo servicio de excursiones y rutas en barco desde 2005. <\/p>\n\n\n\n<p>La playa de San Pedro es un para\u00edso que no mucha gente conoce fuera de Almer\u00eda y los que lo han hecho, no piensan mas que en volver.<\/p>\n\n\n\n<p>\u00bfA que esperas para vivir uno de los mejores planes en Almer\u00eda?<\/p>\n","protected":false},"excerpt":{"rendered":"<p>Nuestra ruta en barco a la cala de san pedro es uno de nuestras excursiones m\u00e1s populares. Ir a la cala de san pedro es uno de los mejores planes que hacer en cabo de de gata. Dejanos que te contemos un poco m\u00e1s acerca de est\u00e1 cala paradisiaca tan famosa. \u00bfComo es la cala &#8230; <a title=\"Paseo en barco Cala de San Pedro\" class=\"read-more\" href=\"https:\/\/paseosenbarcocabodegata.es\/en\/paseo-en-barco-cala-de-san-pedro\/\" aria-label=\"Read more about Paseo en barco Cala de San Pedro\">Read more<\/a><\/p>","protected":false},"author":1,"featured_media":0,"parent":0,"menu_order":0,"comment_status":"open","ping_status":"closed","template":"","meta":{"footnotes":""},"class_list":["post-727","page","type-page","status-publish"],"_links":{"self":[{"href":"https:\/\/paseosenbarcocabodegata.es\/en\/wp-json\/wp\/v2\/pages\/727","targetHints":{"allow":["GET"]}}],"collection":[{"href":"https:\/\/paseosenbarcocabodegata.es\/en\/wp-json\/wp\/v2\/pages"}],"about":[{"href":"https:\/\/paseosenbarcocabodegata.es\/en\/wp-json\/wp\/v2\/types\/page"}],"author":[{"embeddable":true,"href":"https:\/\/paseosenbarcocabodegata.es\/en\/wp-json\/wp\/v2\/users\/1"}],"replies":[{"embeddable":true,"href":"https:\/\/paseosenbarcocabodegata.es\/en\/wp-json\/wp\/v2\/comments?post=727"}],"version-history":[{"count":0,"href":"https:\/\/paseosenbarcocabodegata.es\/en\/wp-json\/wp\/v2\/pages\/727\/revisions"}],"wp:attachment":[{"href":"https:\/\/paseosenbarcocabodegata.es\/en\/wp-json\/wp\/v2\/media?parent=727"}],"curies":[{"name":"wp","href":"https:\/\/api.w.org\/{rel}","templated":true}]}}