{"id":770,"date":"2020-05-08T10:09:26","date_gmt":"2020-05-08T10:09:26","guid":{"rendered":"https:\/\/paseosenbarcocabodegata.es\/?page_id=770"},"modified":"2020-06-01T17:10:19","modified_gmt":"2020-06-01T16:10:19","slug":"combo-excursion-cabo-de-gata","status":"publish","type":"page","link":"https:\/\/paseosenbarcocabodegata.es\/en\/combo-excursion-cabo-de-gata\/","title":{"rendered":"Combo Ruta Cabo de Gata"},"content":{"rendered":"<figure class=\"wp-block-image size-large\"><img fetchpriority=\"high\" decoding=\"async\" width=\"800\" height=\"450\" src=\"https:\/\/paseosenbarcocabodegata.es\/wp-content\/uploads\/2020\/05\/cala-de-la-polacra.jpeg\" alt=\"paseo en barco por las calas\" class=\"wp-image-794\" srcset=\"https:\/\/paseosenbarcocabodegata.es\/wp-content\/uploads\/2020\/05\/cala-de-la-polacra.jpeg 800w, https:\/\/paseosenbarcocabodegata.es\/wp-content\/uploads\/2020\/05\/cala-de-la-polacra-400x225.jpeg 400w, https:\/\/paseosenbarcocabodegata.es\/wp-content\/uploads\/2020\/05\/cala-de-la-polacra-300x169.jpeg 300w, https:\/\/paseosenbarcocabodegata.es\/wp-content\/uploads\/2020\/05\/cala-de-la-polacra-768x432.jpeg 768w\" sizes=\"(max-width: 800px) 100vw, 800px\" \/><\/figure>\n\n\n\n<p>Conocido como nuestro producto estrella llega el Combo Cabo de Gata. Esta es una ruta de entre 60-75 minutos que realizamos por mar y una de las partes del cabo de gata m\u00e1s preciosas que ver en barco. <\/p>\n\n\n\n<p>En esta ruta por mar del parque vais a ver acantilados volc\u00e1nicos, calas secretas de acceso imposible, y sobre todo lo m\u00e1s impresionante, LAS CUEVAS.<\/p>\n\n\n\n<p>Con nuestros barcos zodiac, iremos visitando cada uno de estos maravillosos lugares e incluso haremos una parada de unos minutos para que disfrut\u00e9is de la experiencia de ba\u00f1aros o hacer snorkel en una cueva, solo para los m\u00e1s aventureros.<\/p>\n\n\n\n<p>Adem\u00e1s contratando este servicio os regalamos la ruta a cala de San Pedro (si, has le\u00eddo bien). Antiguamente hac\u00edamos una oferta por las dos rutas, pero como no queremos que os qued\u00e9is con las ganas, contratando una ruta en barco combo, os regalamos la estancia en cala San Pedro y su ruta correspondiente.<\/p>\n\n\n\n<p>Este es nuestro mejor servicio como empresa y con el que el nuestros clientes alucinan, de hecho lo m\u00e1s recomendable es que NO SIGAS LEYENDO y no te hagas spoilers, porque ser\u00e1 impresionante la primera vez que disfrutes de la excursi\u00f3n en barco.<\/p>\n\n\n\n<div class=\"wp-block-buttons aligncenter is-layout-flex wp-block-buttons-is-layout-flex\">\n<div class=\"wp-block-button is-style-outline is-style-outline--1\"><a class=\"wp-block-button__link has-text-color has-very-light-gray-color has-background has-vivid-cyan-blue-background-color\" href=\"https:\/\/paseosenbarcocabodegata.es\/en\/excursion\/combo-pirata\/\"><strong>Reserva Ahora<\/strong><\/a><\/div>\n<\/div>\n\n\n\n<p>Para los m\u00e1s exc\u00e9pticos, aqu\u00ed teneis un recorrido con algunas fotos.<\/p>\n\n\n\n<h2 class=\"wp-block-heading\">Playa de las Negras<\/h2>\n\n\n\n<p>Comenzamos en la playa de las negras, junto al puesto de socorrismo y donde se encuentra nuestro carism\u00e1tico chiringuito de madera. Durante todo el verano podr\u00e1s sacar tus tickets para el barco all\u00ed, pero suelen agotarse con facilidad, as\u00ed que te recomendamos reservar con antelaci\u00f3n a trav\u00e9s de nuestra web.<\/p>\n\n\n\n<p>La playa de las negras es un 50% rocas y un 50% arena de izquierda a derecha respectivamente y mirando al mar. Es genial si no quieres despegarte mucho de los bares, pero siendo sinceros no puede compararse con una cala salvaje o con playas como el Playazo de rodalquilar.<\/p>\n\n\n\n<p>Frente a nuestro chiringuito-oficina puedes encontrar el canal nautico para embarcaciones en el que embarcamos los pasajeros y en el que est\u00e1 prohibido el ba\u00f1o recreativo.<\/p>\n\n\n\n<p>La monta\u00f1a que caracteriza la playa de las negras es el \u00abCerro Negro\u00bb que tambi\u00e9n da nombre al bar rockero que hay al volver la esquina.<\/p>\n\n\n\n<figure class=\"wp-block-image size-large\"><img decoding=\"async\" width=\"800\" height=\"417\" src=\"https:\/\/paseosenbarcocabodegata.es\/wp-content\/uploads\/2020\/05\/multiaventura-almeria.jpg\" alt=\"\" class=\"wp-image-791\" srcset=\"https:\/\/paseosenbarcocabodegata.es\/wp-content\/uploads\/2020\/05\/multiaventura-almeria.jpg 800w, https:\/\/paseosenbarcocabodegata.es\/wp-content\/uploads\/2020\/05\/multiaventura-almeria-400x209.jpg 400w, https:\/\/paseosenbarcocabodegata.es\/wp-content\/uploads\/2020\/05\/multiaventura-almeria-300x156.jpg 300w, https:\/\/paseosenbarcocabodegata.es\/wp-content\/uploads\/2020\/05\/multiaventura-almeria-768x400.jpg 768w\" sizes=\"(max-width: 800px) 100vw, 800px\" \/><\/figure>\n\n\n\n<h2 class=\"wp-block-heading\">La cala del cuervo<\/h2>\n\n\n\n<p>La primera parte del recorrido pasa por atravesar la costa de la cala del cuervo, donde se encuentra el camping \u00abla caleta\u00bb.<\/p>\n\n\n\n<p>La cala del cuervo esta formada por bastantes piedras aunque es preciosa para tomar fotos y visitar \u00abel punt\u00f3n\u00bb el trozo de roca gigante que penetra en el mar y desde el que puedes realizar unos saltos desde diferentes alturas con los amigos.<\/p>\n\n\n\n<p>Tamb\u00eden desde la costa y a pie puedes subir la monta\u00f1a del cuervo para acceder a una ruta de senderismo preciosa que conecta con \u00abEl Playazo\u00bb de Rodalquilar. <\/p>\n\n\n\n<figure class=\"wp-block-image size-large\"><img decoding=\"async\" width=\"800\" height=\"375\" src=\"https:\/\/paseosenbarcocabodegata.es\/wp-content\/uploads\/2020\/05\/que-ver-en-cabo-de-gata.jpg\" alt=\"que ver en almeria y alrededores\" class=\"wp-image-784\" srcset=\"https:\/\/paseosenbarcocabodegata.es\/wp-content\/uploads\/2020\/05\/que-ver-en-cabo-de-gata.jpg 800w, https:\/\/paseosenbarcocabodegata.es\/wp-content\/uploads\/2020\/05\/que-ver-en-cabo-de-gata-400x188.jpg 400w, https:\/\/paseosenbarcocabodegata.es\/wp-content\/uploads\/2020\/05\/que-ver-en-cabo-de-gata-300x141.jpg 300w, https:\/\/paseosenbarcocabodegata.es\/wp-content\/uploads\/2020\/05\/que-ver-en-cabo-de-gata-768x360.jpg 768w\" sizes=\"(max-width: 800px) 100vw, 800px\" \/><\/figure>\n\n\n\n<p>Justo al dejar la cala del cuervo en nuestra zodiac, podremos descubrir la cara oculta del \u00abPunt\u00f3n\u00bb en la que veremos una gran cavidad en forma de \u00abU\u00bb formada por la erosi\u00f3n del mar durante cientos de a\u00f1os.<\/p>\n\n\n\n<h2 class=\"wp-block-heading\">La cueva de las palomas<\/h2>\n\n\n\n<p>Continuando con el maravilloso paisaje os sorprender\u00e1 una gigantesca cavidad que penetra en la monta\u00f1a de la molata. Esta es la famosa cueva de las palomas.<\/p>\n\n\n\n<p>La monta\u00f1a que se encuentra sobre esta cueva es en realidad una duna de arena fosilizada que con el paso del tiempo ha creado una gran cavidad que ahora es una de las principales atracciones de nuestra ruta. <\/p>\n\n\n\n<p>Nos adentraremos en las profundidas de esta cueva para que tomeis fotos y os sintais como unos aut\u00e9nticos Indiana Jones<\/p>\n\n\n\n<figure class=\"wp-block-image size-large\"><img loading=\"lazy\" decoding=\"async\" width=\"901\" height=\"400\" src=\"https:\/\/paseosenbarcocabodegata.es\/wp-content\/uploads\/2020\/05\/Cuevas-cabo-de-gata-1.jpg\" alt=\"\" class=\"wp-image-774\" srcset=\"https:\/\/paseosenbarcocabodegata.es\/wp-content\/uploads\/2020\/05\/Cuevas-cabo-de-gata-1.jpg 901w, https:\/\/paseosenbarcocabodegata.es\/wp-content\/uploads\/2020\/05\/Cuevas-cabo-de-gata-1-400x178.jpg 400w, https:\/\/paseosenbarcocabodegata.es\/wp-content\/uploads\/2020\/05\/Cuevas-cabo-de-gata-1-300x133.jpg 300w, https:\/\/paseosenbarcocabodegata.es\/wp-content\/uploads\/2020\/05\/Cuevas-cabo-de-gata-1-768x341.jpg 768w\" sizes=\"(max-width: 901px) 100vw, 901px\" \/><\/figure>\n\n\n\n<p><\/p>\n\n\n\n<h2 class=\"wp-block-heading\">El playazo de rodalquilar<\/h2>\n\n\n\n<p>El siguiente punto de inter\u00e9s es una fortificaci\u00f3n o castillo del playazo. Un fuerte que se alza junto al mar y que puede visitarse su exterior andando desde la ruta de sendismo del cuervo.<\/p>\n\n\n\n<p>Junto al Castillo se encuentra la playa del playazo. Esta es una playa muy agradable para pasar un dia de finde de semana. <\/p>\n\n\n\n<p>No es tan popular como otras playas del parque natural como Genoveses o la playa de los muertos, por lo que tiene un nivel de masificaci\u00f3n un poco menor en temporadas altas.<\/p>\n\n\n\n<figure class=\"wp-block-image size-large\"><img loading=\"lazy\" decoding=\"async\" width=\"800\" height=\"310\" src=\"https:\/\/paseosenbarcocabodegata.es\/wp-content\/uploads\/2020\/05\/que-visitar-en-cabo-de-gata.jpg\" alt=\"rutas en cabo de gata nijar\" class=\"wp-image-787\" srcset=\"https:\/\/paseosenbarcocabodegata.es\/wp-content\/uploads\/2020\/05\/que-visitar-en-cabo-de-gata.jpg 800w, https:\/\/paseosenbarcocabodegata.es\/wp-content\/uploads\/2020\/05\/que-visitar-en-cabo-de-gata-400x155.jpg 400w, https:\/\/paseosenbarcocabodegata.es\/wp-content\/uploads\/2020\/05\/que-visitar-en-cabo-de-gata-300x116.jpg 300w, https:\/\/paseosenbarcocabodegata.es\/wp-content\/uploads\/2020\/05\/que-visitar-en-cabo-de-gata-768x298.jpg 768w\" sizes=\"(max-width: 800px) 100vw, 800px\" \/><\/figure>\n\n\n\n<h2 class=\"wp-block-heading\">Reserva Integral marina<\/h2>\n\n\n\n<p>En el playazo habremos completado el 50% de nuestra ruta y en este caso la segunda parte es incluso mejor, ya que habremos llegado a la reserva integral marina del parque natural.<\/p>\n\n\n\n<p>A partir de este punto extremaremos las precauciones y reduciremos la marcha del barco, ya que estamos en uno de los entornos m\u00e1s protegidos del parque natural.<\/p>\n\n\n\n<p>Esta zona se caracteriza por ser una zona de paso y de reproducci\u00f3n de muchas especies de flora y fauna marina.<\/p>\n\n\n\n<figure class=\"wp-block-image size-large\"><img loading=\"lazy\" decoding=\"async\" width=\"800\" height=\"451\" src=\"https:\/\/paseosenbarcocabodegata.es\/wp-content\/uploads\/2020\/05\/roquetas-de-mar-excursiones.jpeg\" alt=\"excursiones en barco roquetas\" class=\"wp-image-789\" srcset=\"https:\/\/paseosenbarcocabodegata.es\/wp-content\/uploads\/2020\/05\/roquetas-de-mar-excursiones.jpeg 800w, https:\/\/paseosenbarcocabodegata.es\/wp-content\/uploads\/2020\/05\/roquetas-de-mar-excursiones-400x226.jpeg 400w, https:\/\/paseosenbarcocabodegata.es\/wp-content\/uploads\/2020\/05\/roquetas-de-mar-excursiones-300x169.jpeg 300w, https:\/\/paseosenbarcocabodegata.es\/wp-content\/uploads\/2020\/05\/roquetas-de-mar-excursiones-768x433.jpeg 768w\" sizes=\"(max-width: 800px) 100vw, 800px\" \/><\/figure>\n\n\n\n<p>Esta formada por unos acantilados volcanicos de gran altura, imponentes a la vista. Estos preculiares acantilados parecen formados como por adoquines negros que sobresalen de las paredes. <\/p>\n\n\n\n<p>Fueron formados hace millones de a\u00f1os cuando el nivel del agua del planeta baj\u00f3 y las formaciones rocosas submarinas quedaron en la superficie. <\/p>\n\n\n\n<p>Descubriremos otras cavidades secretas as\u00ed que no olvides tener a mano tu m\u00f3vil o c\u00e1mara de fotos.<\/p>\n\n\n\n<h2 class=\"wp-block-heading\">La punta de la polacra<\/h2>\n\n\n\n<div class=\"wp-block-image\"><figure class=\"alignright size-large is-resized\"><img decoding=\"async\" src=\"https:\/\/paseosenbarcocabodegata.es\/wp-content\/uploads\/2020\/05\/roqutas-de-mar-turismo-excursiones.jpeg\" alt=\"excursiones en barco en roquetas y agua dulce\" class=\"wp-image-501\" width=\"380\" srcset=\"https:\/\/paseosenbarcocabodegata.es\/wp-content\/uploads\/2020\/05\/roqutas-de-mar-turismo-excursiones.jpeg 450w, https:\/\/paseosenbarcocabodegata.es\/wp-content\/uploads\/2020\/05\/roqutas-de-mar-turismo-excursiones-400x533.jpeg 400w, https:\/\/paseosenbarcocabodegata.es\/wp-content\/uploads\/2020\/05\/roqutas-de-mar-turismo-excursiones-225x300.jpeg 225w\" sizes=\"(max-width: 450px) 100vw, 450px\" \/><\/figure><\/div>\n\n\n\n<p>Nuestra excursi\u00f3n termina en la punta de la polacra, donde se encuentra el famoso pe\u00f1\u00f3n de la polacra. Una roca gigante que culmina el vertice de la monta\u00f1a, separada por un estrecho de mar.<\/p>\n\n\n\n<p>Desde aqu\u00ed se puede contemplar toda la linea de costa y divisar los escullos en un extremo y agua marga en el contrario.<\/p>\n\n\n\n<p>Una vez rodeado el pe\u00f1on de la Polacra volveremos al puerto de las negras un poco m\u00e1s retirados de la costa, donde si tenemos suerte, podremos ver delfines y\/o peces voladores que suelen nadar a esa distancia.<\/p>\n\n\n\n<div class=\"wp-block-buttons alignleft is-layout-flex wp-block-buttons-is-layout-flex\">\n<div class=\"wp-block-button is-style-outline is-style-outline--2\"><a class=\"wp-block-button__link has-text-color has-very-light-gray-color has-background has-vivid-cyan-blue-background-color\" href=\"https:\/\/paseosenbarcocabodegata.es\/en\/excursion\/combo-pirata\/\"><strong>Reserva Ahora<\/strong><\/a><\/div>\n<\/div>","protected":false},"excerpt":{"rendered":"<p>Conocido como nuestro producto estrella llega el Combo Cabo de Gata. Esta es una ruta de entre 60-75 minutos que realizamos por mar y una de las partes del cabo de gata m\u00e1s preciosas que ver en barco. En esta ruta por mar del parque vais a ver acantilados volc\u00e1nicos, calas secretas de acceso imposible, &#8230; <a title=\"Combo Ruta Cabo de Gata\" class=\"read-more\" href=\"https:\/\/paseosenbarcocabodegata.es\/en\/combo-excursion-cabo-de-gata\/\" aria-label=\"Read more about Combo Ruta Cabo de Gata\">Read more<\/a><\/p>","protected":false},"author":1,"featured_media":0,"parent":0,"menu_order":0,"comment_status":"open","ping_status":"closed","template":"","meta":{"footnotes":""},"class_list":["post-770","page","type-page","status-publish"],"_links":{"self":[{"href":"https:\/\/paseosenbarcocabodegata.es\/en\/wp-json\/wp\/v2\/pages\/770","targetHints":{"allow":["GET"]}}],"collection":[{"href":"https:\/\/paseosenbarcocabodegata.es\/en\/wp-json\/wp\/v2\/pages"}],"about":[{"href":"https:\/\/paseosenbarcocabodegata.es\/en\/wp-json\/wp\/v2\/types\/page"}],"author":[{"embeddable":true,"href":"https:\/\/paseosenbarcocabodegata.es\/en\/wp-json\/wp\/v2\/users\/1"}],"replies":[{"embeddable":true,"href":"https:\/\/paseosenbarcocabodegata.es\/en\/wp-json\/wp\/v2\/comments?post=770"}],"version-history":[{"count":0,"href":"https:\/\/paseosenbarcocabodegata.es\/en\/wp-json\/wp\/v2\/pages\/770\/revisions"}],"wp:attachment":[{"href":"https:\/\/paseosenbarcocabodegata.es\/en\/wp-json\/wp\/v2\/media?parent=770"}],"curies":[{"name":"wp","href":"https:\/\/api.w.org\/{rel}","templated":true}]}}