{"id":801,"date":"2020-05-08T18:02:06","date_gmt":"2020-05-08T18:02:06","guid":{"rendered":"https:\/\/paseosenbarcocabodegata.es\/?page_id=801"},"modified":"2022-06-16T17:15:37","modified_gmt":"2022-06-16T15:15:37","slug":"preguntas-frecuentes","status":"publish","type":"page","link":"https:\/\/paseosenbarcocabodegata.es\/en\/preguntas-frecuentes\/","title":{"rendered":"Frequently Asked Questions"},"content":{"rendered":"<h2 class=\"has-text-align-center wp-block-heading\"><strong>\u00bfQue pasa con mi excursi\u00f3n si hay mal tiempo?<\/strong><\/h2>\n\n\n\n<p>Dependemos de las <a href=\"https:\/\/www.eltiempo.es\/las-negras.html\" target=\"_blank\" rel=\"noreferrer noopener\">condiciones climatol\u00f3gicas <\/a>para desempe\u00f1ar nuestro oficio, por tanto, es posible que se cancelen parte o la totalidad de las rutas que ofrecemos. En ese caso, devolveremos el 100% del importe pagado o cambiaremos la fecha de la excursi\u00f3n al d\u00eda de tu elecci\u00f3n que sea posible.<\/p>\n\n\n\n<div style=\"height:20px\" aria-hidden=\"true\" class=\"wp-block-spacer\"><\/div>\n\n\n<div class=\"wp-block-image\">\n<figure class=\"aligncenter size-full\"><img fetchpriority=\"high\" decoding=\"async\" width=\"800\" height=\"451\" src=\"https:\/\/paseosenbarcocabodegata.es\/wp-content\/uploads\/2020\/05\/roquetas-de-mar-excursiones.jpeg\" alt=\"preguntas frecuentes para rutas en barco\" class=\"wp-image-789\" srcset=\"https:\/\/paseosenbarcocabodegata.es\/wp-content\/uploads\/2020\/05\/roquetas-de-mar-excursiones.jpeg 800w, https:\/\/paseosenbarcocabodegata.es\/wp-content\/uploads\/2020\/05\/roquetas-de-mar-excursiones-400x226.jpeg 400w, https:\/\/paseosenbarcocabodegata.es\/wp-content\/uploads\/2020\/05\/roquetas-de-mar-excursiones-300x169.jpeg 300w, https:\/\/paseosenbarcocabodegata.es\/wp-content\/uploads\/2020\/05\/roquetas-de-mar-excursiones-768x433.jpeg 768w\" sizes=\"(max-width: 800px) 100vw, 800px\" \/><\/figure>\n<\/div>\n\n\n<h2 class=\"has-text-align-center wp-block-heading\"><strong>\u00bfCu\u00e1ntos personas caben en un barco?<\/strong><\/h2>\n\n\n\n<p>Por seguridad y normativa vigente, no pueden ir m\u00e1s de 12 personas en un barco (aunque entrar\u00edan m\u00e1s). Si sois un grupo grande, pondremos m\u00e1s barcos a vuestra disposici\u00f3n, siempre teniendo en cuenta que es posible que os toque compartir el paseo con m\u00e1s personas.<\/p>\n\n\n\n<h2 class=\"has-text-align-center wp-block-heading\"><strong>\u00bfCu\u00e1les son los Horarios?<\/strong><\/h2>\n\n\n\n<p>Los horarios se consult\u00e1n en el calendario al realizar la reserva, puede ser que una hora se haya completado con el m\u00e1ximo de pasajeros o que tengamos que cambiaros por problemas de overbooking.<\/p>\n\n\n\n<h2 class=\"has-text-align-center wp-block-heading\">\u00bfPueden ir ni\u00f1os peque\u00f1os?<\/h2>\n\n\n\n<p>Si, aunque depender\u00e1 del estado del mar. Tenemos asientos especiales en los barcos para personas mayores, ni\u00f1os y embarazadas.<\/p>\n\n\n\n<p>La seguridad de los ni\u00f1os ser\u00e1 siempre responsabilidad de los padres, aunque jam\u00e1s hemos tenido ning\u00fan accidente.<\/p>\n\n\n\n<h2 class=\"has-text-align-center wp-block-heading\">\u00bfSe realizan paradas para ba\u00f1o?<\/h2>\n\n\n\n<p>Si, dependiendo de la actividad, podreis realizar m\u00ednimo una parada para haceros fotos o ba\u00f1aros. Os recomendamos llevar gafas de snorkel!<\/p>\n\n\n\n<h2 class=\"has-text-align-center wp-block-heading\">\u00bfC\u00f3mo son las lanchas?<\/h2>\n\n\n\n<p>Las lanchas son zodiacs semi-rigidas de balones. Las zodiacs son m\u00e1s estables para navegar (piensa en el dise\u00f1o de un catamar\u00e1n) y caben 12 personas de forma holgada.<\/p>\n\n\n\n<h2 class=\"has-text-align-center wp-block-heading\"><strong>\u00bfTen\u00e9is chalecos salvavidas?<\/strong><\/h2>\n\n\n\n<p>Por supuesto, disponemos de un chaleco por pasajero y tenemos chalecos infantiles disponibles que deb\u00e9is solicitar al patr\u00f3n antes de vuestra ruta.<\/p>\n\n\n\n<h2 class=\"has-text-align-center wp-block-heading\"><strong>\u00bfEs f\u00e1cil sufrir un mareo en el barco?<\/strong><\/h2>\n\n\n\n<p>No, al ser barcos con balones laterales la estabilidad y capacidad de maniobra en el mar es superior a la de los barcos convencionales. Es muy dif\u00edcil marearse incluso para personas que est\u00e9n habituadas a ello.<\/p>\n\n\n\n<h2 class=\"has-text-align-center wp-block-heading\"><strong>\u00bfTendr\u00e9 problemas para subir en los balones del barco?<\/strong><\/h2>\n\n\n\n<p>No, mucha gente se preocupa hasta que se dan cuenta de lo sencillo que resulta. Solo hay que mojarse hasta las rodillas y el patr\u00f3n guiar\u00e1 y ayudar\u00e1 a las personas con m\u00e1s dificultades de movilidad.<\/p>\n\n\n\n<h2 class=\"has-text-align-center wp-block-heading\"><strong>\u00bfQu\u00e9 puedo llevar en el barco?<\/strong><\/h2>\n\n\n\n<p>Se recomienda llevar crema solar, gorra, gafas de sol, gafas de snorkel, toallas e incluso nevera para la ruta larga en velero.<\/p>\n\n\n\n<h2 class=\"has-text-align-center wp-block-heading\"><strong>\u00bfSe mojar\u00e1n mis cosas?<\/strong><\/h2>\n\n\n\n<p>No, el equipaje se mantiene seco siempre que se sigan las recomendaciones del patr\u00f3n. Pueden incluso sacarse tel\u00e9fonos m\u00f3vil para grabar impresionantes videos. La responsabilidad por da\u00f1os o perdidas ser\u00e1 siempre responsabilidad del propietario.<\/p>\n\n\n\n<h2 class=\"has-text-align-center wp-block-heading\"><strong>\u00bfPuedo pagar con tarjeta?<\/strong><\/h2>\n\n\n\n<p>Las reservas son un pago parcial y se realizan con tarjeta a trav\u00e9s de esta web. El resto se pagar\u00e1 al patr\u00f3n en efectivo.<\/p>\n\n\n\n<h2 class=\"has-text-align-center wp-block-heading\"><strong>\u00bfTen\u00e9is alquiler de barcos en cabo de gata para rutas privadas?<\/strong><\/h2>\n\n\n\n<p>Si, si est\u00e1s pensando en organizar un cumplea\u00f1os, despedida de soltera o cualquier fiesta en un barco, puedes contactarnos y te haremos un presupuesto especial. No alquilamos embarcaciones sin patr\u00f3n, ya que la normativa del parque natural no lo permite a ninguna empresa.<\/p>","protected":false},"excerpt":{"rendered":"<p>\u00bfQue pasa con mi excursi\u00f3n si hay mal tiempo? Dependemos de las condiciones climatol\u00f3gicas para desempe\u00f1ar nuestro oficio, por tanto, es posible que se cancelen parte o la totalidad de las rutas que ofrecemos. En ese caso, devolveremos el 100% del importe pagado o cambiaremos la fecha de la excursi\u00f3n al d\u00eda de tu elecci\u00f3n &#8230; <a title=\"Frequently Asked Questions\" class=\"read-more\" href=\"https:\/\/paseosenbarcocabodegata.es\/en\/preguntas-frecuentes\/\" aria-label=\"Read more about Preguntas Frecuentes\">Read more<\/a><\/p>","protected":false},"author":1,"featured_media":0,"parent":0,"menu_order":0,"comment_status":"closed","ping_status":"closed","template":"","meta":{"footnotes":""},"class_list":["post-801","page","type-page","status-publish"],"_links":{"self":[{"href":"https:\/\/paseosenbarcocabodegata.es\/en\/wp-json\/wp\/v2\/pages\/801","targetHints":{"allow":["GET"]}}],"collection":[{"href":"https:\/\/paseosenbarcocabodegata.es\/en\/wp-json\/wp\/v2\/pages"}],"about":[{"href":"https:\/\/paseosenbarcocabodegata.es\/en\/wp-json\/wp\/v2\/types\/page"}],"author":[{"embeddable":true,"href":"https:\/\/paseosenbarcocabodegata.es\/en\/wp-json\/wp\/v2\/users\/1"}],"replies":[{"embeddable":true,"href":"https:\/\/paseosenbarcocabodegata.es\/en\/wp-json\/wp\/v2\/comments?post=801"}],"version-history":[{"count":0,"href":"https:\/\/paseosenbarcocabodegata.es\/en\/wp-json\/wp\/v2\/pages\/801\/revisions"}],"wp:attachment":[{"href":"https:\/\/paseosenbarcocabodegata.es\/en\/wp-json\/wp\/v2\/media?parent=801"}],"curies":[{"name":"wp","href":"https:\/\/api.w.org\/{rel}","templated":true}]}}