{"id":10436,"date":"2023-07-22T18:00:47","date_gmt":"2023-07-22T16:00:47","guid":{"rendered":"https:\/\/paseosenbarcocabodegata.es\/?post_type=product&#038;p=10436"},"modified":"2025-08-14T19:43:24","modified_gmt":"2025-08-14T17:43:24","slug":"super-tour-cabo-de-gata","status":"publish","type":"product","link":"https:\/\/paseosenbarcocabodegata.es\/en\/excursion\/super-tour-cabo-de-gata\/","title":{"rendered":"Super Tour Cabo de Gata 4 Horas"},"content":{"rendered":"<p>\u00a1Descubre la maravilla oculta del Cabo de Gata en nuestro extraordinario Super Tour de larga duraci\u00f3n! \u00bfEst\u00e1s listo para una aventura inolvidable? Saldremos desde la impresionante playa del pintoresco pueblo de \u00abLas Negras\u00bb y te llevar\u00e9mos a un incre\u00edble recorrido que te mostrar\u00e1 casi la mitad de todo el impresionante Parque Natural Cabo de Gata.<\/p>\n<p>Imagina sumergirte en aguas cristalinas y sentir la emoci\u00f3n de explorar lugares inaccesibles desde tierra. Con nosotros, tendr\u00e1s la oportunidad de experimentar lo mejor del mundo submarino, ya que proporcionamos gafas y tubo de snorkel para que puedas disfrutar al m\u00e1ximo de cada parada.<\/p>\n<p>\u00bfQu\u00e9 te parecer\u00eda bucear en los lugares m\u00e1s incre\u00edbles, \u00fanicamente accesibles desde nuestro fabuloso barco? Perm\u00edteme llevarte en un fascinante viaje a trav\u00e9s de las maravillas escondidas del Cabo de Gata.<\/p>\n<p>Tenemos dos posibles recorridos seleccionados cuidadosamente para garantizar que vivas la mejor experiencia, siempre teniendo en cuenta el viento y el estado del mar. \u00a1D\u00e9janos a nosotros la planificaci\u00f3n y disfruta al m\u00e1ximo del viaje!<\/p>\n<p>Recorrido 1 (No elegible por el cliente) &#8211; Hacia la playa de los Muertos:<br \/>\nSan Pedro &#8211; La Cala del plomo &#8211; Cala Enmedio &#8211; La playa de los Muertos<\/p>\n<p>Recorrido 2 (No elegible por el cliente) &#8211; Hacia Punta Escullos<br \/>\nCala del Cuervo &#8211; Cala del Bergantin &#8211; El Playazo &#8211; Escullos &#8211; Playa del Embarcadero<\/p>\n<p>\u00a1Y no te preocupes por la comodidad y el espacio! Nuestro tour tiene un l\u00edmite m\u00e1ximo de 11 personas, lo que garantiza un ambiente exclusivo y personalizado. Adem\u00e1s, tendr\u00e1s 4 horas completas de diversi\u00f3n, con paradas estrat\u00e9gicas para ba\u00f1os refrescantes y emocionantes sesiones de snorkel. \u00a1La emoci\u00f3n nunca termina!<\/p>","protected":false},"excerpt":{"rendered":"<ol>\n<li>Elige el D\u00eda y Hora para tu Excursi\u00f3n (A las 10:00 el mar est\u00e1 m\u00e1s tranquilo generalmente).<\/li>\n<li>Realiza tu dep\u00f3sito.<\/li>\n<li>Present at least 10 minutes in advance in <strong>la ubicaci\u00f3n que has recibido en tu Email<\/strong><\/li>\n<li>Once there, pay the rest of the money in cash.<\/li>\n<li><strong><span style=\"color: #ff9900;\">IMPORTANT: <\/span><\/strong><span style=\"color: #000000;\"><span style=\"color: #000000;\">Espera unos segundos tras finalizar tu pedido y no recargues la p\u00e1gina. Tu reserva podr\u00eda duplicarse o cancelars<\/span><\/span>* Si no se completa el aforo se sustituir\u00e1 por una ruta en barco de 1:30H<br \/>\n**Recuerda que este servicio esta sujeto a cancelaciones 100% reembolsables debido a condiciones clim\u00e1ticas.<\/li>\n<\/ol>","protected":false},"featured_media":10453,"template":"","meta":[],"product_brand":[],"product_cat":[246],"product_tag":[],"class_list":{"0":"post-10436","1":"product","2":"type-product","3":"status-publish","4":"has-post-thumbnail","6":"product_cat-ruta-cabo-de-gata","8":"first","9":"instock","10":"sold-individually","11":"shipping-taxable","12":"purchasable","13":"product-type-booking"},"booking_location":"","booking_location_type":"","booking_duration":4,"booking_duration_unit":"hour","booking_buffer":0,"booking_cost":0,"booking_resources":[],"_links":{"self":[{"href":"https:\/\/paseosenbarcocabodegata.es\/en\/wp-json\/wp\/v2\/product\/10436","targetHints":{"allow":["GET"]}}],"collection":[{"href":"https:\/\/paseosenbarcocabodegata.es\/en\/wp-json\/wp\/v2\/product"}],"about":[{"href":"https:\/\/paseosenbarcocabodegata.es\/en\/wp-json\/wp\/v2\/types\/product"}],"wp:featuredmedia":[{"embeddable":true,"href":"https:\/\/paseosenbarcocabodegata.es\/en\/wp-json\/wp\/v2\/media\/10453"}],"wp:attachment":[{"href":"https:\/\/paseosenbarcocabodegata.es\/en\/wp-json\/wp\/v2\/media?parent=10436"}],"wp:term":[{"taxonomy":"product_brand","embeddable":true,"href":"https:\/\/paseosenbarcocabodegata.es\/en\/wp-json\/wp\/v2\/product_brand?post=10436"},{"taxonomy":"product_cat","embeddable":true,"href":"https:\/\/paseosenbarcocabodegata.es\/en\/wp-json\/wp\/v2\/product_cat?post=10436"},{"taxonomy":"product_tag","embeddable":true,"href":"https:\/\/paseosenbarcocabodegata.es\/en\/wp-json\/wp\/v2\/product_tag?post=10436"}],"curies":[{"name":"wp","href":"https:\/\/api.w.org\/{rel}","templated":true}]}}