{"id":20306,"date":"2025-06-27T12:54:28","date_gmt":"2025-06-27T10:54:28","guid":{"rendered":"https:\/\/paseosenbarcocabodegata.es\/?post_type=product&#038;p=20306"},"modified":"2026-05-06T23:26:28","modified_gmt":"2026-05-06T21:26:28","slug":"catamaran-cala-enmedio","status":"publish","type":"product","link":"https:\/\/paseosenbarcocabodegata.es\/en\/excursion\/catamaran-cala-enmedio\/","title":{"rendered":"Catamar\u00e1n Carboneras a Cala Enmedio"},"content":{"rendered":"<p data-start=\"226\" data-end=\"615\">Emb\u00e1rcate en una excursi\u00f3n desde el puerto de Carboneras con rumbo a la Playa de los Muertos, conocida por sus aguas excepcionalmente azules y cristalinas. Durante la traves\u00eda, navegaremos por la Reserva Marina del Parque Natural de Cabo de Gata-N\u00edjar, con vistas al Faro de Mesa Rold\u00e1n y a calas de gran valor paisaj\u00edstico como Cala Castillo, Cala Sorbas, Cala Arena o Cala Media Naranja.<\/p>\n<p data-start=\"617\" data-end=\"868\">El recorrido incluye una visi\u00f3n \u00fanica desde el mar de los restos del antiguo cargadero de minerales de Aguamarga, as\u00ed como de las formaciones rocosas moldeadas por la erosi\u00f3n, utilizadas tradicionalmente por los pescadores como referencias naturales.<\/p>\n<p data-start=\"870\" data-end=\"1055\">Ser\u00e1 posible observar la riqueza de uno de los ecosistemas m\u00e1s valiosos del Mediterr\u00e1neo.<\/p>\n<p data-start=\"1057\" data-end=\"1234\">Siempre que las condiciones meteorol\u00f3gicas lo permitan y la tripulaci\u00f3n lo considere seguro, se realizar\u00e1 una parada para disfrutar de un ba\u00f1o en este entorno natural protegido.<\/p>","protected":false},"excerpt":{"rendered":"<ol>\n<li>Choose the Day and Time for your Tour.<\/li>\n<li>Realiza tu Reserva.<\/li>\n<li>Presentaros con al menos 20-30 minutos de antelaci\u00f3n en <strong>la ubicaci\u00f3n que has recibido en tu Email<\/strong><\/li>\n<li><strong><span style=\"color: #ff9900;\">IMPORTANT: <\/span><\/strong><span style=\"color: #000000;\">Wait a few seconds after completing your order, and will not recharge the page. Your reservation could be doubled or cancelled<\/span><\/li>\n<\/ol>\n<p>*Recuerda que este servicio esta sujeto a cancelaciones 100% reembolsables debido a condiciones clim\u00e1ticas o cambios por aforo incompleto.<\/p>","protected":false},"featured_media":20296,"template":"","meta":[],"product_brand":[],"product_cat":[347],"product_tag":[],"class_list":{"0":"post-20306","1":"product","2":"type-product","3":"status-publish","4":"has-post-thumbnail","6":"product_cat-paseo-barco-carboneras","8":"first","9":"instock","10":"sold-individually","11":"shipping-taxable","12":"purchasable","13":"product-type-booking"},"booking_location":"","booking_location_type":"","booking_duration":150,"booking_duration_unit":"minute","booking_buffer":0,"booking_cost":0,"booking_resources":[],"_links":{"self":[{"href":"https:\/\/paseosenbarcocabodegata.es\/en\/wp-json\/wp\/v2\/product\/20306","targetHints":{"allow":["GET"]}}],"collection":[{"href":"https:\/\/paseosenbarcocabodegata.es\/en\/wp-json\/wp\/v2\/product"}],"about":[{"href":"https:\/\/paseosenbarcocabodegata.es\/en\/wp-json\/wp\/v2\/types\/product"}],"wp:featuredmedia":[{"embeddable":true,"href":"https:\/\/paseosenbarcocabodegata.es\/en\/wp-json\/wp\/v2\/media\/20296"}],"wp:attachment":[{"href":"https:\/\/paseosenbarcocabodegata.es\/en\/wp-json\/wp\/v2\/media?parent=20306"}],"wp:term":[{"taxonomy":"product_brand","embeddable":true,"href":"https:\/\/paseosenbarcocabodegata.es\/en\/wp-json\/wp\/v2\/product_brand?post=20306"},{"taxonomy":"product_cat","embeddable":true,"href":"https:\/\/paseosenbarcocabodegata.es\/en\/wp-json\/wp\/v2\/product_cat?post=20306"},{"taxonomy":"product_tag","embeddable":true,"href":"https:\/\/paseosenbarcocabodegata.es\/en\/wp-json\/wp\/v2\/product_tag?post=20306"}],"curies":[{"name":"wp","href":"https:\/\/api.w.org\/{rel}","templated":true}]}}