{"id":6693,"date":"2022-06-16T18:41:21","date_gmt":"2022-06-16T16:41:21","guid":{"rendered":"https:\/\/paseosenbarcocabodegata.es\/?post_type=product&#038;p=6693"},"modified":"2025-09-14T19:21:53","modified_gmt":"2025-09-14T17:21:53","slug":"paseo-barco-san-jose","status":"publish","type":"product","link":"https:\/\/paseosenbarcocabodegata.es\/en\/excursion\/paseo-barco-san-jose\/","title":{"rendered":"Boat tour in San Jose"},"content":{"rendered":"<p>Disfruta de un recorrido de 90 minutos por el coraz\u00f3n del parque natural. Esta ruta la realizareis en una incre\u00edble zodiac con balones, las cuales son mucho m\u00e1s estables que los barcos convencionales y nos permitir\u00e1n mostraros los lugares m\u00e1s inaccesibles. Adem\u00e1s realizaremos una parada para que realic\u00e9is snorkel en un lugar \u00fanico del Cabo de Gata.<\/p>\n<p>Dos posibles rutas que cambian seg\u00fan las condiciones del mar (no son elegibles por el cliente):<\/p>\n<ul>\n<li>Ruta de Cala higuera (80% de probabilidad): Navegaremos hacia la reserva marina de la Polacra, uno de los lugares con m\u00e1xima protecci\u00f3n del parque natural. Tendr\u00e1s una incre\u00edble experiencia admirando los acantilados, las calas secretas y sorprendentes cuevas.<\/li>\n<li>Ruta de las calas escondidas (20% de probabilidad): Navegaremos hacia el este de San Jos\u00e9, donde detr\u00e1s de sus monta\u00f1as encontrar\u00e1s las calas perdidas, adem\u00e1s pasaremos por las inaccesibles playas de Genoveses y M\u00f3nsul, escenarios de cine.<\/li>\n<\/ul>","protected":false},"excerpt":{"rendered":"<ol>\n<li style=\"text-align: right;\">Choose the Day and Time for your Tour.<\/li>\n<li>Realiza tu dep\u00f3sito (20%).<\/li>\n<li>Present at least 10 minutes in advance in <strong>la ubicaci\u00f3n que has recibido en tu Email<\/strong><\/li>\n<li>Once there, pay the rest of the money in cash.<\/li>\n<li><strong><span style=\"color: #ff9900;\">IMPORTANT: <\/span><\/strong><span style=\"color: #000000;\">Wait a few seconds after completing your order, and will not recharge the page. Your reservation could be doubled or cancelled<\/span><\/li>\n<\/ol>\n<p><!--more--><\/p>\n<p>*Please note that this service is subject to a cancellation 100% refundable due to weather conditions.<\/p>","protected":false},"featured_media":6733,"template":"","meta":[],"product_brand":[],"product_cat":[342],"product_tag":[],"class_list":{"0":"post-6693","1":"product","2":"type-product","3":"status-publish","4":"has-post-thumbnail","6":"product_cat-san-jose","8":"first","9":"instock","10":"sold-individually","11":"shipping-taxable","12":"purchasable","13":"product-type-booking"},"booking_location":"","booking_location_type":"","booking_duration":90,"booking_duration_unit":"minute","booking_buffer":0,"booking_cost":0,"booking_resources":[],"_links":{"self":[{"href":"https:\/\/paseosenbarcocabodegata.es\/en\/wp-json\/wp\/v2\/product\/6693","targetHints":{"allow":["GET"]}}],"collection":[{"href":"https:\/\/paseosenbarcocabodegata.es\/en\/wp-json\/wp\/v2\/product"}],"about":[{"href":"https:\/\/paseosenbarcocabodegata.es\/en\/wp-json\/wp\/v2\/types\/product"}],"wp:featuredmedia":[{"embeddable":true,"href":"https:\/\/paseosenbarcocabodegata.es\/en\/wp-json\/wp\/v2\/media\/6733"}],"wp:attachment":[{"href":"https:\/\/paseosenbarcocabodegata.es\/en\/wp-json\/wp\/v2\/media?parent=6693"}],"wp:term":[{"taxonomy":"product_brand","embeddable":true,"href":"https:\/\/paseosenbarcocabodegata.es\/en\/wp-json\/wp\/v2\/product_brand?post=6693"},{"taxonomy":"product_cat","embeddable":true,"href":"https:\/\/paseosenbarcocabodegata.es\/en\/wp-json\/wp\/v2\/product_cat?post=6693"},{"taxonomy":"product_tag","embeddable":true,"href":"https:\/\/paseosenbarcocabodegata.es\/en\/wp-json\/wp\/v2\/product_tag?post=6693"}],"curies":[{"name":"wp","href":"https:\/\/api.w.org\/{rel}","templated":true}]}}