{"id":7657,"date":"2022-08-10T09:34:22","date_gmt":"2022-08-10T07:34:22","guid":{"rendered":"https:\/\/paseosenbarcocabodegata.es\/?post_type=product&#038;p=7657"},"modified":"2026-03-24T17:16:07","modified_gmt":"2026-03-24T16:16:07","slug":"barco-arrecife-de-las-sirenas","status":"publish","type":"product","link":"https:\/\/paseosenbarcocabodegata.es\/en\/excursion\/barco-arrecife-de-las-sirenas\/","title":{"rendered":"Barco Tour Arrecife de las Sirenas y Monsul"},"content":{"rendered":"<p>Conoce el arrecife de las sirenas como muchos no pueden. Increible ruta de 90 minutos hasta Monsul, una de las playas m\u00e1s famosas y escenario de m\u00faltiples peliculas.\u00a0 Pasar\u00e1s por las piscinas naturales, la playa del faro \u00abel corralete\u00bb. Recorrer\u00e1s el famoso y m\u00e1s que fotografiado, Arrecife de las Sirenas.\u00a0 Conocer\u00e1s cala Arena y cala Raj\u00e1 junto a la piedra del dedo. Finalmente haremos una parada para ba\u00f1o y snorkel en un sitio m\u00e1gico, la cueva de vela blanca. Culminaremos la ruta con la majestuosa playa de Monsul.<\/p>","protected":false},"excerpt":{"rendered":"<ol>\n<li>Choose the Day and Time for your Tour.<\/li>\n<li>Realiza tu dep\u00f3sito.<\/li>\n<li>Present at least 10 minutes in advance in <strong>la ubicaci\u00f3n que has recibido en tu Email<\/strong><\/li>\n<li>Once there, pay the rest of the money in cash.<\/li>\n<li><strong><span style=\"color: #ff9900;\">IMPORTANT: <\/span><\/strong><span style=\"color: #000000;\">Wait a few seconds after completing your order, and will not recharge the page. Your reservation could be doubled or cancelled<\/span><\/li>\n<\/ol>\n<p>*Please note that this service is subject to a cancellation 100% refundable due to weather conditions.<\/p>","protected":false},"featured_media":7660,"template":"","meta":[],"product_brand":[],"product_cat":[246],"product_tag":[],"class_list":{"0":"post-7657","1":"product","2":"type-product","3":"status-publish","4":"has-post-thumbnail","6":"product_cat-ruta-cabo-de-gata","8":"first","9":"instock","10":"sold-individually","11":"shipping-taxable","12":"purchasable","13":"product-type-booking"},"booking_location":"","booking_location_type":"","booking_duration":90,"booking_duration_unit":"minute","booking_buffer":0,"booking_cost":0,"booking_resources":[],"_links":{"self":[{"href":"https:\/\/paseosenbarcocabodegata.es\/en\/wp-json\/wp\/v2\/product\/7657","targetHints":{"allow":["GET"]}}],"collection":[{"href":"https:\/\/paseosenbarcocabodegata.es\/en\/wp-json\/wp\/v2\/product"}],"about":[{"href":"https:\/\/paseosenbarcocabodegata.es\/en\/wp-json\/wp\/v2\/types\/product"}],"wp:featuredmedia":[{"embeddable":true,"href":"https:\/\/paseosenbarcocabodegata.es\/en\/wp-json\/wp\/v2\/media\/7660"}],"wp:attachment":[{"href":"https:\/\/paseosenbarcocabodegata.es\/en\/wp-json\/wp\/v2\/media?parent=7657"}],"wp:term":[{"taxonomy":"product_brand","embeddable":true,"href":"https:\/\/paseosenbarcocabodegata.es\/en\/wp-json\/wp\/v2\/product_brand?post=7657"},{"taxonomy":"product_cat","embeddable":true,"href":"https:\/\/paseosenbarcocabodegata.es\/en\/wp-json\/wp\/v2\/product_cat?post=7657"},{"taxonomy":"product_tag","embeddable":true,"href":"https:\/\/paseosenbarcocabodegata.es\/en\/wp-json\/wp\/v2\/product_tag?post=7657"}],"curies":[{"name":"wp","href":"https:\/\/api.w.org\/{rel}","templated":true}]}}