{"id":8835,"date":"2023-03-02T17:44:56","date_gmt":"2023-03-02T16:44:56","guid":{"rendered":"https:\/\/paseosenbarcocabodegata.es\/?post_type=product&#038;p=8835"},"modified":"2025-09-02T11:15:40","modified_gmt":"2025-09-02T09:15:40","slug":"reservar-ruta-4x4","status":"publish","type":"product","link":"https:\/\/paseosenbarcocabodegata.es\/en\/excursion\/reservar-ruta-4x4\/","title":{"rendered":"Ruta del Cine en 4&#215;4 por el Desierto de tabernas"},"content":{"rendered":"<p>Salida desde gasolinera Repsol Tabernas \u2013 Llano del B\u00faho &#8211; Rambla Tabernas Norte -Localizaciones de Cine &#8211; Rambla Tabernas Sur \u2013 Paseo &#8211; Arroyo Verdelecho \u2013 Escenarios Cinematogr\u00e1ficos \u2013 Ca\u00f1ones &#8211; Cortijos abandonados &#8211; Rambla Benavides &#8211; Vuelta<\/p>\n<p>Contenido:<br \/>\n\u2022 Recorrido por las principales localizaciones de las pel\u00edculas, anuncios y videoclips grabados en la zona del desierto de Tabernas<br \/>\n\u2022 Los veh\u00edculos 4&#215;4 tienen pantallas de TV donde podr\u00e1s ver las escenas rodadas por donde pasamos en ruta<br \/>\n\u2022 Explicaci\u00f3n de la geolog\u00eda de la zona y de la formaci\u00f3n de un desierto \u00fanico en Europa<br \/>\n\u2022 Fotos a grupos, parejas o individuales en lugares \u00fanicos de cine<\/p>\n<p>Duraci\u00f3n aproximada: 2 horas<\/p>\n<p>Recomendaciones y detalles:<br \/>\nRopa y calzado deportivo con cordones, gorra, gafas de sol y crema solar.<\/p>","protected":false},"excerpt":{"rendered":"<ol>\n<li>Choose the Day and Time for your Tour.<\/li>\n<li>Make your deposit (15%).<\/li>\n<li>Presentaros con 5 minutos de antelaci\u00f3n en <strong>la ubicaci\u00f3n que recibir\u00e1s por email.<\/strong><\/li>\n<li>Una vez all\u00ed, abonad el resto del dinero en efectivo (85%).<\/li>\n<li><strong>IMPORTANT:\u00a0<\/strong>Wait a few seconds after completing your order, and will not recharge the page. Your reservation could be doubled or cancelled<\/li>\n<\/ol>\n<p>*Please note that this service is subject to a cancellation 100% refundable due to weather conditions.<br \/>\n** La devoluci\u00f3n del dinero no se realizar\u00e1 si el cliente cancela con menos de 24h de antelaci\u00f3n.<\/p>","protected":false},"featured_media":8792,"template":"","meta":[],"product_brand":[],"product_cat":[243],"product_tag":[],"class_list":{"0":"post-8835","1":"product","2":"type-product","3":"status-publish","4":"has-post-thumbnail","6":"product_cat-sin-categorizar","8":"first","9":"instock","10":"virtual","11":"sold-individually","12":"purchasable","13":"product-type-booking"},"booking_location":"","booking_location_type":"","booking_duration":2,"booking_duration_unit":"hour","booking_buffer":0,"booking_cost":0,"booking_resources":[],"_links":{"self":[{"href":"https:\/\/paseosenbarcocabodegata.es\/en\/wp-json\/wp\/v2\/product\/8835","targetHints":{"allow":["GET"]}}],"collection":[{"href":"https:\/\/paseosenbarcocabodegata.es\/en\/wp-json\/wp\/v2\/product"}],"about":[{"href":"https:\/\/paseosenbarcocabodegata.es\/en\/wp-json\/wp\/v2\/types\/product"}],"wp:featuredmedia":[{"embeddable":true,"href":"https:\/\/paseosenbarcocabodegata.es\/en\/wp-json\/wp\/v2\/media\/8792"}],"wp:attachment":[{"href":"https:\/\/paseosenbarcocabodegata.es\/en\/wp-json\/wp\/v2\/media?parent=8835"}],"wp:term":[{"taxonomy":"product_brand","embeddable":true,"href":"https:\/\/paseosenbarcocabodegata.es\/en\/wp-json\/wp\/v2\/product_brand?post=8835"},{"taxonomy":"product_cat","embeddable":true,"href":"https:\/\/paseosenbarcocabodegata.es\/en\/wp-json\/wp\/v2\/product_cat?post=8835"},{"taxonomy":"product_tag","embeddable":true,"href":"https:\/\/paseosenbarcocabodegata.es\/en\/wp-json\/wp\/v2\/product_tag?post=8835"}],"curies":[{"name":"wp","href":"https:\/\/api.w.org\/{rel}","templated":true}]}}