{"id":8900,"date":"2023-03-25T01:49:03","date_gmt":"2023-03-25T00:49:03","guid":{"rendered":"https:\/\/paseosenbarcocabodegata.es\/?post_type=product&#038;p=8900"},"modified":"2026-03-25T12:13:52","modified_gmt":"2026-03-25T11:13:52","slug":"barco-las-negras","status":"publish","type":"product","link":"https:\/\/paseosenbarcocabodegata.es\/en\/excursion\/barco-las-negras\/","title":{"rendered":"Excursi\u00f3n de las Cuevas y los Volcanes en Las Negras"},"content":{"rendered":"<p>Excursi\u00f3n en barco de una hora y media de duraci\u00f3n desde \u00abLas Negras\u00bb. Conocer\u00e9is una de las zonas m\u00e1s bonitas del Cabo de Gata, situada en el coraz\u00f3n de la reserva marina. Descubrir\u00e9is cuevas, acantilados impresionantes y la famosa reserva de la Polacra.<\/p>\n<p>La ruta pasa por varias cuevas y recodos de imposible acceso a pie. Ver\u00e9is calas secretas como el Vergant\u00edn, los ruejos, la cala del acantilado y el famoso playazo de Rodalquilar. Adem\u00e1s tendr\u00e9is la suerte de adentraros con el barco en dos cuevas incre\u00edbles y poder ba\u00f1aros en una de ellas.<\/p>\n<p>\u00a1Una ruta incre\u00edble y llena de emociones que no te puedes perder!<\/p>","protected":false},"excerpt":{"rendered":"<ol>\n<li>Elige el D\u00eda y Hora para tu Excursi\u00f3n (A las 10:00 el mar est\u00e1 m\u00e1s tranquilo generalmente).<\/li>\n<li>Realiza tu dep\u00f3sito (20%).<\/li>\n<li>Present at least 10 minutes in advance in <strong>la ubicaci\u00f3n que has recibido en tu Email<\/strong><\/li>\n<li>Once there, pay the rest of the money in cash.<\/li>\n<li><strong><span style=\"color: #ff9900;\">IMPORTANT: <\/span><\/strong><span style=\"color: #000000;\">Wait a few seconds after completing your order, and will not recharge the page. Your reservation could be doubled or cancelled<\/span><\/li>\n<\/ol>\n<p>*Recuerda que este servicio esta sujeto a cancelaciones 100% reembolsables debido a condiciones clim\u00e1ticas o cambios por aforo incompleto.<\/p>","protected":false},"featured_media":8917,"template":"","meta":[],"product_brand":[],"product_cat":[245],"product_tag":[],"class_list":{"0":"post-8900","1":"product","2":"type-product","3":"status-publish","4":"has-post-thumbnail","6":"product_cat-ruta-san-pedro","8":"first","9":"instock","10":"sold-individually","11":"shipping-taxable","12":"purchasable","13":"product-type-booking"},"booking_location":"","booking_location_type":"","booking_duration":90,"booking_duration_unit":"minute","booking_buffer":0,"booking_cost":0,"booking_resources":[],"_links":{"self":[{"href":"https:\/\/paseosenbarcocabodegata.es\/en\/wp-json\/wp\/v2\/product\/8900","targetHints":{"allow":["GET"]}}],"collection":[{"href":"https:\/\/paseosenbarcocabodegata.es\/en\/wp-json\/wp\/v2\/product"}],"about":[{"href":"https:\/\/paseosenbarcocabodegata.es\/en\/wp-json\/wp\/v2\/types\/product"}],"wp:featuredmedia":[{"embeddable":true,"href":"https:\/\/paseosenbarcocabodegata.es\/en\/wp-json\/wp\/v2\/media\/8917"}],"wp:attachment":[{"href":"https:\/\/paseosenbarcocabodegata.es\/en\/wp-json\/wp\/v2\/media?parent=8900"}],"wp:term":[{"taxonomy":"product_brand","embeddable":true,"href":"https:\/\/paseosenbarcocabodegata.es\/en\/wp-json\/wp\/v2\/product_brand?post=8900"},{"taxonomy":"product_cat","embeddable":true,"href":"https:\/\/paseosenbarcocabodegata.es\/en\/wp-json\/wp\/v2\/product_cat?post=8900"},{"taxonomy":"product_tag","embeddable":true,"href":"https:\/\/paseosenbarcocabodegata.es\/en\/wp-json\/wp\/v2\/product_tag?post=8900"}],"curies":[{"name":"wp","href":"https:\/\/api.w.org\/{rel}","templated":true}]}}