{"id":9639,"date":"2023-06-30T17:38:49","date_gmt":"2023-06-30T15:38:49","guid":{"rendered":"https:\/\/paseosenbarcocabodegata.es\/?post_type=product&#038;p=9639"},"modified":"2025-08-14T12:45:07","modified_gmt":"2025-08-14T10:45:07","slug":"kayak-san-jose-2h","status":"publish","type":"product","link":"https:\/\/paseosenbarcocabodegata.es\/en\/excursion\/kayak-san-jose-2h\/","title":{"rendered":"Ruta Kayak San Jos\u00e9 2 Horas"},"content":{"rendered":"<p>Dos Tipos de Rutas a Elegir:<\/p>\n<ol>\n<li><b>Ruta en Kayak 2 horas. (Nivel F\u00e1cil)<\/b> Recorrido Cueva del Tabaco, Cala Higuera y punta de Cala Higuera.Se explicar\u00e1 la historia de San Jos\u00e9 y de los piratas de Cabo de Gata. Tambi\u00e9n<br \/>\npor qu\u00e9 fue de gran importancia el Castillo de San Jos\u00e9, ya que, fue punto de<br \/>\nl\u00ednea defensiva ante esos ataques. Se hablar\u00e1 tambi\u00e9n de las formaciones<br \/>\nnaturales de la Cueva del Tabaco.<\/li>\n<\/ol>","protected":false},"excerpt":{"rendered":"<ol>\n<li>Choose the Day and Time for your Tour.<\/li>\n<li>Realiza tu dep\u00f3sito.<\/li>\n<li>Presentaros a la hora seleccionada en <strong>la ubicaci\u00f3n que has recibido en tu Email<\/strong><\/li>\n<li>Once there, pay the rest of the money in cash.<\/li>\n<li><strong><span style=\"color: #ff9900;\">IMPORTANT: <\/span><\/strong><span style=\"color: #000000;\">Wait a few seconds after completing your order, and will not recharge the page. Your reservation could be doubled or cancelled<\/span><\/li>\n<\/ol>\n<p>*Please note that this service is subject to a cancellation 100% refundable due to weather conditions.<\/p>","protected":false},"featured_media":9656,"template":"","meta":[],"product_brand":[],"product_cat":[343],"product_tag":[],"class_list":{"0":"post-9639","1":"product","2":"type-product","3":"status-publish","4":"has-post-thumbnail","6":"product_cat-kayak","8":"first","9":"instock","10":"virtual","11":"sold-individually","12":"purchasable","13":"product-type-booking"},"booking_location":"","booking_location_type":"","booking_duration":2,"booking_duration_unit":"hour","booking_buffer":0,"booking_cost":0,"booking_resources":[],"_links":{"self":[{"href":"https:\/\/paseosenbarcocabodegata.es\/en\/wp-json\/wp\/v2\/product\/9639","targetHints":{"allow":["GET"]}}],"collection":[{"href":"https:\/\/paseosenbarcocabodegata.es\/en\/wp-json\/wp\/v2\/product"}],"about":[{"href":"https:\/\/paseosenbarcocabodegata.es\/en\/wp-json\/wp\/v2\/types\/product"}],"wp:featuredmedia":[{"embeddable":true,"href":"https:\/\/paseosenbarcocabodegata.es\/en\/wp-json\/wp\/v2\/media\/9656"}],"wp:attachment":[{"href":"https:\/\/paseosenbarcocabodegata.es\/en\/wp-json\/wp\/v2\/media?parent=9639"}],"wp:term":[{"taxonomy":"product_brand","embeddable":true,"href":"https:\/\/paseosenbarcocabodegata.es\/en\/wp-json\/wp\/v2\/product_brand?post=9639"},{"taxonomy":"product_cat","embeddable":true,"href":"https:\/\/paseosenbarcocabodegata.es\/en\/wp-json\/wp\/v2\/product_cat?post=9639"},{"taxonomy":"product_tag","embeddable":true,"href":"https:\/\/paseosenbarcocabodegata.es\/en\/wp-json\/wp\/v2\/product_tag?post=9639"}],"curies":[{"name":"wp","href":"https:\/\/api.w.org\/{rel}","templated":true}]}}